{"id":16585,"date":"2024-05-13T22:56:23","date_gmt":"2024-05-13T19:56:23","guid":{"rendered":"https:\/\/hamsayapi.com\/?post_type=product&#038;p=16585"},"modified":"2024-05-13T22:56:23","modified_gmt":"2024-05-13T19:56:23","slug":"euro-celik-civili-mantolama-dubeli-135mm","status":"publish","type":"product","link":"https:\/\/hamsayapi.com\/index.php\/urun\/euro-celik-civili-mantolama-dubeli-135mm\/","title":{"rendered":"Euro \u00c7elik \u00c7ivili Mantolama D\u00fcbeli 135mm"},"content":{"rendered":"","protected":false},"excerpt":{"rendered":"","protected":false},"featured_media":16586,"comment_status":"open","ping_status":"closed","template":"","meta":[],"pwb-brand":[],"product_brand":[],"product_cat":[695,2357],"product_tag":[2372],"class_list":{"0":"post-16585","1":"product","2":"type-product","3":"status-publish","4":"has-post-thumbnail","6":"product_cat-hirdavat-urunleri","7":"product_cat-siva-dubeli","8":"product_tag-euro-celik-civili-mantolama-dubeli-135mm","10":"first","11":"instock","12":"shipping-taxable","13":"product-type-simple"},"brands":[],"_links":{"self":[{"href":"https:\/\/hamsayapi.com\/index.php\/wp-json\/wp\/v2\/product\/16585","targetHints":{"allow":["GET"]}}],"collection":[{"href":"https:\/\/hamsayapi.com\/index.php\/wp-json\/wp\/v2\/product"}],"about":[{"href":"https:\/\/hamsayapi.com\/index.php\/wp-json\/wp\/v2\/types\/product"}],"replies":[{"embeddable":true,"href":"https:\/\/hamsayapi.com\/index.php\/wp-json\/wp\/v2\/comments?post=16585"}],"version-history":[{"count":1,"href":"https:\/\/hamsayapi.com\/index.php\/wp-json\/wp\/v2\/product\/16585\/revisions"}],"predecessor-version":[{"id":16587,"href":"https:\/\/hamsayapi.com\/index.php\/wp-json\/wp\/v2\/product\/16585\/revisions\/16587"}],"wp:featuredmedia":[{"embeddable":true,"href":"https:\/\/hamsayapi.com\/index.php\/wp-json\/wp\/v2\/media\/16586"}],"wp:attachment":[{"href":"https:\/\/hamsayapi.com\/index.php\/wp-json\/wp\/v2\/media?parent=16585"}],"wp:term":[{"taxonomy":"pwb-brand","embeddable":true,"href":"https:\/\/hamsayapi.com\/index.php\/wp-json\/wp\/v2\/pwb-brand?post=16585"},{"taxonomy":"product_brand","embeddable":true,"href":"https:\/\/hamsayapi.com\/index.php\/wp-json\/wp\/v2\/product_brand?post=16585"},{"taxonomy":"product_cat","embeddable":true,"href":"https:\/\/hamsayapi.com\/index.php\/wp-json\/wp\/v2\/product_cat?post=16585"},{"taxonomy":"product_tag","embeddable":true,"href":"https:\/\/hamsayapi.com\/index.php\/wp-json\/wp\/v2\/product_tag?post=16585"}],"curies":[{"name":"wp","href":"https:\/\/api.w.org\/{rel}","templated":true}]}}