{"id":16513,"date":"2024-05-13T21:48:34","date_gmt":"2024-05-13T18:48:34","guid":{"rendered":"https:\/\/hamsayapi.com\/?post_type=product&#038;p=16513"},"modified":"2024-07-27T00:02:58","modified_gmt":"2024-07-26T21:02:58","slug":"aqua-akumulasyon-tanklari","status":"publish","type":"product","link":"https:\/\/hamsayapi.com\/index.php\/urun\/aqua-akumulasyon-tanklari\/","title":{"rendered":"Aqua Ak\u00fcm\u00fclasyon Tanklar\u0131"},"content":{"rendered":"","protected":false},"excerpt":{"rendered":"<ul>\n<li>3 Y\u0131l Garanti<\/li>\n<li>1000-6000 litre Modelleri ile Genis Kapasite Se\u00e7enekleri<\/li>\n<li>Y\u00fcksek Kalite Emaye Teknolojiyle Uzun Kullan\u0131m \u00d6mr\u00fc<\/li>\n<li>\u0130lave Rezistans Ba\u011flant\u0131s\u0131 ile Esnek Kullan\u0131m<\/li>\n<\/ul>\n","protected":false},"featured_media":16505,"comment_status":"closed","ping_status":"closed","template":"","meta":[],"pwb-brand":[],"product_brand":[],"product_cat":[2338,2339],"product_tag":[2354],"class_list":{"0":"post-16513","1":"product","2":"type-product","3":"status-publish","4":"has-post-thumbnail","6":"product_cat-isitma-sistemleri","7":"product_cat-su-isiticilari","8":"product_tag-aqua-akumulasyon-tanklari","10":"first","11":"instock","12":"shipping-taxable","13":"product-type-simple"},"brands":[],"_links":{"self":[{"href":"https:\/\/hamsayapi.com\/index.php\/wp-json\/wp\/v2\/product\/16513","targetHints":{"allow":["GET"]}}],"collection":[{"href":"https:\/\/hamsayapi.com\/index.php\/wp-json\/wp\/v2\/product"}],"about":[{"href":"https:\/\/hamsayapi.com\/index.php\/wp-json\/wp\/v2\/types\/product"}],"replies":[{"embeddable":true,"href":"https:\/\/hamsayapi.com\/index.php\/wp-json\/wp\/v2\/comments?post=16513"}],"version-history":[{"count":1,"href":"https:\/\/hamsayapi.com\/index.php\/wp-json\/wp\/v2\/product\/16513\/revisions"}],"predecessor-version":[{"id":16514,"href":"https:\/\/hamsayapi.com\/index.php\/wp-json\/wp\/v2\/product\/16513\/revisions\/16514"}],"wp:featuredmedia":[{"embeddable":true,"href":"https:\/\/hamsayapi.com\/index.php\/wp-json\/wp\/v2\/media\/16505"}],"wp:attachment":[{"href":"https:\/\/hamsayapi.com\/index.php\/wp-json\/wp\/v2\/media?parent=16513"}],"wp:term":[{"taxonomy":"pwb-brand","embeddable":true,"href":"https:\/\/hamsayapi.com\/index.php\/wp-json\/wp\/v2\/pwb-brand?post=16513"},{"taxonomy":"product_brand","embeddable":true,"href":"https:\/\/hamsayapi.com\/index.php\/wp-json\/wp\/v2\/product_brand?post=16513"},{"taxonomy":"product_cat","embeddable":true,"href":"https:\/\/hamsayapi.com\/index.php\/wp-json\/wp\/v2\/product_cat?post=16513"},{"taxonomy":"product_tag","embeddable":true,"href":"https:\/\/hamsayapi.com\/index.php\/wp-json\/wp\/v2\/product_tag?post=16513"}],"curies":[{"name":"wp","href":"https:\/\/api.w.org\/{rel}","templated":true}]}}