{"id":16494,"date":"2024-05-13T21:39:26","date_gmt":"2024-05-13T18:39:26","guid":{"rendered":"https:\/\/hamsayapi.com\/?post_type=product&#038;p=16494"},"modified":"2024-05-13T21:39:27","modified_gmt":"2024-05-13T18:39:27","slug":"dolce-vita-banyo-tipi","status":"publish","type":"product","link":"https:\/\/hamsayapi.com\/index.php\/urun\/dolce-vita-banyo-tipi\/","title":{"rendered":"Dolce Vita Banyo Tipi"},"content":{"rendered":"","protected":false},"excerpt":{"rendered":"<ul>\n<li>Beklemeden An\u0131nda S\u0131cak Su<\/li>\n<li>Kademe Ayar Anahtar\u0131 Sistemi ile Y\u00fcksek S\u0131cak Su Konforu<\/li>\n<li>6 Farkl\u0131 Emniyet Sistemi ile G\u00fcvenli Tasar\u0131m<\/li>\n<\/ul>\n","protected":false},"featured_media":16495,"comment_status":"open","ping_status":"closed","template":"","meta":[],"pwb-brand":[],"product_brand":[],"product_cat":[2338,2339],"product_tag":[2348],"class_list":{"0":"post-16494","1":"product","2":"type-product","3":"status-publish","4":"has-post-thumbnail","6":"product_cat-isitma-sistemleri","7":"product_cat-su-isiticilari","8":"product_tag-dolce-vita-banyo-tipi","10":"first","11":"instock","12":"shipping-taxable","13":"product-type-simple"},"brands":[],"_links":{"self":[{"href":"https:\/\/hamsayapi.com\/index.php\/wp-json\/wp\/v2\/product\/16494","targetHints":{"allow":["GET"]}}],"collection":[{"href":"https:\/\/hamsayapi.com\/index.php\/wp-json\/wp\/v2\/product"}],"about":[{"href":"https:\/\/hamsayapi.com\/index.php\/wp-json\/wp\/v2\/types\/product"}],"replies":[{"embeddable":true,"href":"https:\/\/hamsayapi.com\/index.php\/wp-json\/wp\/v2\/comments?post=16494"}],"version-history":[{"count":1,"href":"https:\/\/hamsayapi.com\/index.php\/wp-json\/wp\/v2\/product\/16494\/revisions"}],"predecessor-version":[{"id":16496,"href":"https:\/\/hamsayapi.com\/index.php\/wp-json\/wp\/v2\/product\/16494\/revisions\/16496"}],"wp:featuredmedia":[{"embeddable":true,"href":"https:\/\/hamsayapi.com\/index.php\/wp-json\/wp\/v2\/media\/16495"}],"wp:attachment":[{"href":"https:\/\/hamsayapi.com\/index.php\/wp-json\/wp\/v2\/media?parent=16494"}],"wp:term":[{"taxonomy":"pwb-brand","embeddable":true,"href":"https:\/\/hamsayapi.com\/index.php\/wp-json\/wp\/v2\/pwb-brand?post=16494"},{"taxonomy":"product_brand","embeddable":true,"href":"https:\/\/hamsayapi.com\/index.php\/wp-json\/wp\/v2\/product_brand?post=16494"},{"taxonomy":"product_cat","embeddable":true,"href":"https:\/\/hamsayapi.com\/index.php\/wp-json\/wp\/v2\/product_cat?post=16494"},{"taxonomy":"product_tag","embeddable":true,"href":"https:\/\/hamsayapi.com\/index.php\/wp-json\/wp\/v2\/product_tag?post=16494"}],"curies":[{"name":"wp","href":"https:\/\/api.w.org\/{rel}","templated":true}]}}