{"id":16491,"date":"2024-05-13T21:38:08","date_gmt":"2024-05-13T18:38:08","guid":{"rendered":"https:\/\/hamsayapi.com\/?post_type=product&#038;p=16491"},"modified":"2024-07-26T23:56:00","modified_gmt":"2024-07-26T20:56:00","slug":"baymak-sofben-bh-14","status":"publish","type":"product","link":"https:\/\/hamsayapi.com\/index.php\/urun\/baymak-sofben-bh-14\/","title":{"rendered":"Baymak \u015eofben BH-14"},"content":{"rendered":"","protected":false},"excerpt":{"rendered":"<ul>\n<li>13,5 litre\/dakika S\u0131cak Su Kapasitesi ile Y\u00fcksek Konfor<\/li>\n<li>Low NOx Teknolojisiyle \u00c7evreci \u00dcr\u00fcn<\/li>\n<li>6 Farkl\u0131 Emniyet Sistemi ile G\u00fcvenli Tasar\u0131m<\/li>\n<li>Dayan\u0131kl\u0131 E\u015fanj\u00f6r\u00fc ile Uzun \u00d6m\u00fcrl\u00fc Kullan\u0131m<\/li>\n<li>4 mt.\u2019ye Kadar Yatay ve Dikey Baca Montaj\u0131 \u0130mkan\u0131<\/li>\n<li>Kompakt Boyutlar Sayesinde Yerden Tasarruf<\/li>\n<\/ul>\n","protected":false},"featured_media":16489,"comment_status":"closed","ping_status":"closed","template":"","meta":[],"pwb-brand":[],"product_brand":[],"product_cat":[2338,2339],"product_tag":[2347],"class_list":{"0":"post-16491","1":"product","2":"type-product","3":"status-publish","4":"has-post-thumbnail","6":"product_cat-isitma-sistemleri","7":"product_cat-su-isiticilari","8":"product_tag-baymak-sofben-bh-14","10":"first","11":"instock","12":"shipping-taxable","13":"product-type-simple"},"brands":[],"_links":{"self":[{"href":"https:\/\/hamsayapi.com\/index.php\/wp-json\/wp\/v2\/product\/16491","targetHints":{"allow":["GET"]}}],"collection":[{"href":"https:\/\/hamsayapi.com\/index.php\/wp-json\/wp\/v2\/product"}],"about":[{"href":"https:\/\/hamsayapi.com\/index.php\/wp-json\/wp\/v2\/types\/product"}],"replies":[{"embeddable":true,"href":"https:\/\/hamsayapi.com\/index.php\/wp-json\/wp\/v2\/comments?post=16491"}],"version-history":[{"count":2,"href":"https:\/\/hamsayapi.com\/index.php\/wp-json\/wp\/v2\/product\/16491\/revisions"}],"predecessor-version":[{"id":16493,"href":"https:\/\/hamsayapi.com\/index.php\/wp-json\/wp\/v2\/product\/16491\/revisions\/16493"}],"wp:featuredmedia":[{"embeddable":true,"href":"https:\/\/hamsayapi.com\/index.php\/wp-json\/wp\/v2\/media\/16489"}],"wp:attachment":[{"href":"https:\/\/hamsayapi.com\/index.php\/wp-json\/wp\/v2\/media?parent=16491"}],"wp:term":[{"taxonomy":"pwb-brand","embeddable":true,"href":"https:\/\/hamsayapi.com\/index.php\/wp-json\/wp\/v2\/pwb-brand?post=16491"},{"taxonomy":"product_brand","embeddable":true,"href":"https:\/\/hamsayapi.com\/index.php\/wp-json\/wp\/v2\/product_brand?post=16491"},{"taxonomy":"product_cat","embeddable":true,"href":"https:\/\/hamsayapi.com\/index.php\/wp-json\/wp\/v2\/product_cat?post=16491"},{"taxonomy":"product_tag","embeddable":true,"href":"https:\/\/hamsayapi.com\/index.php\/wp-json\/wp\/v2\/product_tag?post=16491"}],"curies":[{"name":"wp","href":"https:\/\/api.w.org\/{rel}","templated":true}]}}