{"id":16478,"date":"2024-05-13T21:33:29","date_gmt":"2024-05-13T18:33:29","guid":{"rendered":"https:\/\/hamsayapi.com\/?post_type=product&#038;p=16478"},"modified":"2024-07-26T23:56:42","modified_gmt":"2024-07-26T20:56:42","slug":"baymak-tezgah-ustu-elektrikli-termosifon","status":"publish","type":"product","link":"https:\/\/hamsayapi.com\/index.php\/urun\/baymak-tezgah-ustu-elektrikli-termosifon\/","title":{"rendered":"Baymak Tezgah \u00dcst\u00fc Elektrikli Termosifon"},"content":{"rendered":"","protected":false},"excerpt":{"rendered":"<ul class=\"ul1\">\n<li class=\"li1\"><span class=\"s1\">3 Y\u0131l Garanti<\/span><\/li>\n<li class=\"li1\"><span class=\"s2\">\u00d6zel Emaye Teknolojisi Sayesinde Uzun \u00d6m\u00fcr <\/span><\/li>\n<li class=\"li1\"><span class=\"s2\">3 Farkl\u0131 Emniyet Sistemi ile G\u00fcvenli Tasar\u0131m<\/span><\/li>\n<li class=\"li1\"><span class=\"s2\">Korozyona Kar\u015f\u0131 Koruma <\/span><\/li>\n<li class=\"li1\"><span class=\"s2\">Kompakt Tasar\u0131m Sayesinde Her Ko\u015fulda Kurulum \u0130mkan\u0131<\/span><\/li>\n<li class=\"li1\"><span class=\"s2\">Y\u00fcksek Kaliteli \u0130zolasyon Sayesinde Enerji Tasarrufu<\/span><\/li>\n<\/ul>\n","protected":false},"featured_media":16480,"comment_status":"closed","ping_status":"closed","template":"","meta":[],"pwb-brand":[],"product_brand":[],"product_cat":[2338,2339],"product_tag":[2344],"class_list":{"0":"post-16478","1":"product","2":"type-product","3":"status-publish","4":"has-post-thumbnail","6":"product_cat-isitma-sistemleri","7":"product_cat-su-isiticilari","8":"product_tag-baymak-tezgah-ustu-elektrikli-termosifon","10":"first","11":"instock","12":"shipping-taxable","13":"product-type-simple"},"brands":[],"_links":{"self":[{"href":"https:\/\/hamsayapi.com\/index.php\/wp-json\/wp\/v2\/product\/16478","targetHints":{"allow":["GET"]}}],"collection":[{"href":"https:\/\/hamsayapi.com\/index.php\/wp-json\/wp\/v2\/product"}],"about":[{"href":"https:\/\/hamsayapi.com\/index.php\/wp-json\/wp\/v2\/types\/product"}],"replies":[{"embeddable":true,"href":"https:\/\/hamsayapi.com\/index.php\/wp-json\/wp\/v2\/comments?post=16478"}],"version-history":[{"count":2,"href":"https:\/\/hamsayapi.com\/index.php\/wp-json\/wp\/v2\/product\/16478\/revisions"}],"predecessor-version":[{"id":16482,"href":"https:\/\/hamsayapi.com\/index.php\/wp-json\/wp\/v2\/product\/16478\/revisions\/16482"}],"wp:featuredmedia":[{"embeddable":true,"href":"https:\/\/hamsayapi.com\/index.php\/wp-json\/wp\/v2\/media\/16480"}],"wp:attachment":[{"href":"https:\/\/hamsayapi.com\/index.php\/wp-json\/wp\/v2\/media?parent=16478"}],"wp:term":[{"taxonomy":"pwb-brand","embeddable":true,"href":"https:\/\/hamsayapi.com\/index.php\/wp-json\/wp\/v2\/pwb-brand?post=16478"},{"taxonomy":"product_brand","embeddable":true,"href":"https:\/\/hamsayapi.com\/index.php\/wp-json\/wp\/v2\/product_brand?post=16478"},{"taxonomy":"product_cat","embeddable":true,"href":"https:\/\/hamsayapi.com\/index.php\/wp-json\/wp\/v2\/product_cat?post=16478"},{"taxonomy":"product_tag","embeddable":true,"href":"https:\/\/hamsayapi.com\/index.php\/wp-json\/wp\/v2\/product_tag?post=16478"}],"curies":[{"name":"wp","href":"https:\/\/api.w.org\/{rel}","templated":true}]}}