{"id":16460,"date":"2024-05-13T20:21:38","date_gmt":"2024-05-13T17:21:38","guid":{"rendered":"https:\/\/hamsayapi.com\/?post_type=product&#038;p=16460"},"modified":"2024-07-27T00:01:09","modified_gmt":"2024-07-26T21:01:09","slug":"baymak-aqua-lcd-prizmatik-jet-serisi","status":"publish","type":"product","link":"https:\/\/hamsayapi.com\/index.php\/urun\/baymak-aqua-lcd-prizmatik-jet-serisi\/","title":{"rendered":"Baymak Aqua LCD Prizmatik Jet Serisi"},"content":{"rendered":"","protected":false},"excerpt":{"rendered":"<ul>\n<li>3 Y\u0131l Garanti<\/li>\n<li>\u0130ki Kat Daha H\u0131zl\u0131 Is\u0131tma Teknoloji Sayesinde Zamandan Tasarruf<\/li>\n<li>Programlama \u00d6zelli\u011fi ile D\u00fc\u015f\u00fck Elektrik Sarfiyat\u0131<\/li>\n<li>\u00d6zel Emaye Teknolojisi Sayesinde Uzun \u00d6m\u00fcr<\/li>\n<li>4 Farkl\u0131 Emniyet Sistemi ile G\u00fcvenli Tasar\u0131m<\/li>\n<li>Korozyona Kar\u015f\u0131 Koruma<\/li>\n<li>Anti-lejyoner Fonksiyonu ile Hijyenik Su Konforu<\/li>\n<li>Y\u00fcksek Kaliteli \u0130zolasyon Sayesinde Enerji Tasarrufu<\/li>\n<\/ul>\n","protected":false},"featured_media":16461,"comment_status":"open","ping_status":"closed","template":"","meta":[],"pwb-brand":[],"product_brand":[],"product_cat":[2338,2339],"product_tag":[2340],"class_list":{"0":"post-16460","1":"product","2":"type-product","3":"status-publish","4":"has-post-thumbnail","6":"product_cat-isitma-sistemleri","7":"product_cat-su-isiticilari","8":"product_tag-baymak-aqua-lcd-prizmatik-jet-serisi","10":"first","11":"instock","12":"shipping-taxable","13":"product-type-simple"},"brands":[],"_links":{"self":[{"href":"https:\/\/hamsayapi.com\/index.php\/wp-json\/wp\/v2\/product\/16460","targetHints":{"allow":["GET"]}}],"collection":[{"href":"https:\/\/hamsayapi.com\/index.php\/wp-json\/wp\/v2\/product"}],"about":[{"href":"https:\/\/hamsayapi.com\/index.php\/wp-json\/wp\/v2\/types\/product"}],"replies":[{"embeddable":true,"href":"https:\/\/hamsayapi.com\/index.php\/wp-json\/wp\/v2\/comments?post=16460"}],"version-history":[{"count":2,"href":"https:\/\/hamsayapi.com\/index.php\/wp-json\/wp\/v2\/product\/16460\/revisions"}],"predecessor-version":[{"id":19571,"href":"https:\/\/hamsayapi.com\/index.php\/wp-json\/wp\/v2\/product\/16460\/revisions\/19571"}],"wp:featuredmedia":[{"embeddable":true,"href":"https:\/\/hamsayapi.com\/index.php\/wp-json\/wp\/v2\/media\/16461"}],"wp:attachment":[{"href":"https:\/\/hamsayapi.com\/index.php\/wp-json\/wp\/v2\/media?parent=16460"}],"wp:term":[{"taxonomy":"pwb-brand","embeddable":true,"href":"https:\/\/hamsayapi.com\/index.php\/wp-json\/wp\/v2\/pwb-brand?post=16460"},{"taxonomy":"product_brand","embeddable":true,"href":"https:\/\/hamsayapi.com\/index.php\/wp-json\/wp\/v2\/product_brand?post=16460"},{"taxonomy":"product_cat","embeddable":true,"href":"https:\/\/hamsayapi.com\/index.php\/wp-json\/wp\/v2\/product_cat?post=16460"},{"taxonomy":"product_tag","embeddable":true,"href":"https:\/\/hamsayapi.com\/index.php\/wp-json\/wp\/v2\/product_tag?post=16460"}],"curies":[{"name":"wp","href":"https:\/\/api.w.org\/{rel}","templated":true}]}}