{"id":16452,"date":"2024-05-12T23:40:00","date_gmt":"2024-05-12T20:40:00","guid":{"rendered":"https:\/\/hamsayapi.com\/?post_type=product&#038;p=16452"},"modified":"2024-05-12T23:40:00","modified_gmt":"2024-05-12T20:40:00","slug":"elegant-prime-multi-duvar-tipi-split-klima-1x2","status":"publish","type":"product","link":"https:\/\/hamsayapi.com\/index.php\/urun\/elegant-prime-multi-duvar-tipi-split-klima-1x2\/","title":{"rendered":"Elegant Prime Multi Duvar Tipi Split Klima 1X2"},"content":{"rendered":"","protected":false},"excerpt":{"rendered":"<ul>\n<li>5 Y\u0131l Garanti<\/li>\n<li>Bir D\u0131\u015f \u00dcnite ile \u0130ki \u0130\u00e7 \u00dcnite Kontrol Edebilme \u0130mkan\u0131<\/li>\n<li>R32 So\u011futucu Ak\u0131\u015fkan\u0131 ile \u00c7evreye Kar\u015f\u0131 Daha Duyarl\u0131 ve Daha Verimli<\/li>\n<li>Binalar\u0131n D\u0131\u015f Cephesinde Alandan Tasarruf \u0130mkan\u0131<\/li>\n<li>A++ Y\u00fcksek Enerji Verimlilik S\u0131n\u0131f\u0131 ile D\u00fc\u015f\u00fck Elektrik Sarfiyat\u0131<\/li>\n<li>Silence Mod ile Sessiz \u00c7al\u0131\u015fma<\/li>\n<\/ul>\n","protected":false},"featured_media":16453,"comment_status":"open","ping_status":"closed","template":"","meta":[],"pwb-brand":[],"product_brand":[],"product_cat":[2328],"product_tag":[2337],"class_list":{"0":"post-16452","1":"product","2":"type-product","3":"status-publish","4":"has-post-thumbnail","6":"product_cat-klimalar","7":"product_tag-elegant-prime-multi-duvar-tipi-split-klima-1x2","9":"first","10":"instock","11":"shipping-taxable","12":"product-type-simple"},"brands":[],"_links":{"self":[{"href":"https:\/\/hamsayapi.com\/index.php\/wp-json\/wp\/v2\/product\/16452","targetHints":{"allow":["GET"]}}],"collection":[{"href":"https:\/\/hamsayapi.com\/index.php\/wp-json\/wp\/v2\/product"}],"about":[{"href":"https:\/\/hamsayapi.com\/index.php\/wp-json\/wp\/v2\/types\/product"}],"replies":[{"embeddable":true,"href":"https:\/\/hamsayapi.com\/index.php\/wp-json\/wp\/v2\/comments?post=16452"}],"version-history":[{"count":1,"href":"https:\/\/hamsayapi.com\/index.php\/wp-json\/wp\/v2\/product\/16452\/revisions"}],"predecessor-version":[{"id":16454,"href":"https:\/\/hamsayapi.com\/index.php\/wp-json\/wp\/v2\/product\/16452\/revisions\/16454"}],"wp:featuredmedia":[{"embeddable":true,"href":"https:\/\/hamsayapi.com\/index.php\/wp-json\/wp\/v2\/media\/16453"}],"wp:attachment":[{"href":"https:\/\/hamsayapi.com\/index.php\/wp-json\/wp\/v2\/media?parent=16452"}],"wp:term":[{"taxonomy":"pwb-brand","embeddable":true,"href":"https:\/\/hamsayapi.com\/index.php\/wp-json\/wp\/v2\/pwb-brand?post=16452"},{"taxonomy":"product_brand","embeddable":true,"href":"https:\/\/hamsayapi.com\/index.php\/wp-json\/wp\/v2\/product_brand?post=16452"},{"taxonomy":"product_cat","embeddable":true,"href":"https:\/\/hamsayapi.com\/index.php\/wp-json\/wp\/v2\/product_cat?post=16452"},{"taxonomy":"product_tag","embeddable":true,"href":"https:\/\/hamsayapi.com\/index.php\/wp-json\/wp\/v2\/product_tag?post=16452"}],"curies":[{"name":"wp","href":"https:\/\/api.w.org\/{rel}","templated":true}]}}