{"id":16436,"date":"2024-05-12T23:29:49","date_gmt":"2024-05-12T20:29:49","guid":{"rendered":"https:\/\/hamsayapi.com\/?post_type=product&#038;p=16436"},"modified":"2024-05-12T23:29:50","modified_gmt":"2024-05-12T20:29:50","slug":"baymak-48-fsa-inverter-salon-tipi-split-klima","status":"publish","type":"product","link":"https:\/\/hamsayapi.com\/index.php\/urun\/baymak-48-fsa-inverter-salon-tipi-split-klima\/","title":{"rendered":"Baymak &#8211; 48 FSA Inverter Salon Tipi Split Klima"},"content":{"rendered":"","protected":false},"excerpt":{"rendered":"<ul>\n<li>5 Y\u0131l Garanti<\/li>\n<li>So\u011futma A++ ve Is\u0131tmada A+ S\u0131n\u0131f\u0131 Y\u00fcksek Enerji Verimlili\u011fi ile D\u00fc\u015f\u00fck Elektrik Sarfiyat\u0131<\/li>\n<li>4 Y\u00f6ne Otomatik Hava Y\u00f6nlendirme Sistemi<\/li>\n<li>LED Ekran\u0131 ile \u015e\u0131k Tasar\u0131m ve Estetik G\u00f6r\u00fcn\u00fcm<\/li>\n<li>Ayarlanabilen 5 Ayr\u0131 Fan H\u0131z\u0131 (sessiz-d\u00fc\u015f\u00fck-orta-y\u00fcksek-turbo)<\/li>\n<\/ul>\n","protected":false},"featured_media":16439,"comment_status":"open","ping_status":"closed","template":"","meta":[],"pwb-brand":[],"product_brand":[],"product_cat":[2328],"product_tag":[2333],"class_list":{"0":"post-16436","1":"product","2":"type-product","3":"status-publish","4":"has-post-thumbnail","6":"product_cat-klimalar","7":"product_tag-baymak-48-fsa-inverter-salon-tipi-split-klima","9":"first","10":"instock","11":"shipping-taxable","12":"product-type-simple"},"brands":[],"_links":{"self":[{"href":"https:\/\/hamsayapi.com\/index.php\/wp-json\/wp\/v2\/product\/16436","targetHints":{"allow":["GET"]}}],"collection":[{"href":"https:\/\/hamsayapi.com\/index.php\/wp-json\/wp\/v2\/product"}],"about":[{"href":"https:\/\/hamsayapi.com\/index.php\/wp-json\/wp\/v2\/types\/product"}],"replies":[{"embeddable":true,"href":"https:\/\/hamsayapi.com\/index.php\/wp-json\/wp\/v2\/comments?post=16436"}],"version-history":[{"count":1,"href":"https:\/\/hamsayapi.com\/index.php\/wp-json\/wp\/v2\/product\/16436\/revisions"}],"predecessor-version":[{"id":16440,"href":"https:\/\/hamsayapi.com\/index.php\/wp-json\/wp\/v2\/product\/16436\/revisions\/16440"}],"wp:featuredmedia":[{"embeddable":true,"href":"https:\/\/hamsayapi.com\/index.php\/wp-json\/wp\/v2\/media\/16439"}],"wp:attachment":[{"href":"https:\/\/hamsayapi.com\/index.php\/wp-json\/wp\/v2\/media?parent=16436"}],"wp:term":[{"taxonomy":"pwb-brand","embeddable":true,"href":"https:\/\/hamsayapi.com\/index.php\/wp-json\/wp\/v2\/pwb-brand?post=16436"},{"taxonomy":"product_brand","embeddable":true,"href":"https:\/\/hamsayapi.com\/index.php\/wp-json\/wp\/v2\/product_brand?post=16436"},{"taxonomy":"product_cat","embeddable":true,"href":"https:\/\/hamsayapi.com\/index.php\/wp-json\/wp\/v2\/product_cat?post=16436"},{"taxonomy":"product_tag","embeddable":true,"href":"https:\/\/hamsayapi.com\/index.php\/wp-json\/wp\/v2\/product_tag?post=16436"}],"curies":[{"name":"wp","href":"https:\/\/api.w.org\/{rel}","templated":true}]}}