{"id":16424,"date":"2024-05-12T23:27:06","date_gmt":"2024-05-12T20:27:06","guid":{"rendered":"https:\/\/hamsayapi.com\/?post_type=product&#038;p=16424"},"modified":"2024-05-12T23:27:06","modified_gmt":"2024-05-12T20:27:06","slug":"elegant-prime-duvar-tipi-split-klima","status":"publish","type":"product","link":"https:\/\/hamsayapi.com\/index.php\/urun\/elegant-prime-duvar-tipi-split-klima\/","title":{"rendered":"Elegant Prime Duvar Tipi Split Klima"},"content":{"rendered":"","protected":false},"excerpt":{"rendered":"<ul>\n<li>5 Y\u0131l Garanti<\/li>\n<li>R32 So\u011futucu Ak\u0131\u015fkan\u0131 ile \u00c7evreye Kar\u015f\u0131 Daha Duyarl\u0131 ve Daha Verimli<\/li>\n<li>D\u00f6rt Mevsim Konfor \u0130\u00e7in So\u011futmada A++, Is\u0131tmada A+ Y\u00fcksek Enerji Verimlilik S\u0131n\u0131f\u0131<\/li>\n<li>Inverter Teknolojisi ile D\u00fc\u015f\u00fck Elektrik Sarfiyat\u0131<\/li>\n<li>ECO Mod ile Elektrik Tasarrufu<\/li>\n<li>Sessiz \u00c7al\u0131\u015fma \u00d6zelli\u011fi ve 5 Farkl\u0131 Fan H\u0131z\u0131 ile Y\u00fcksek Konfor<\/li>\n<li>Yal\u0131n Tasar\u0131m ve Estetik G\u00f6r\u00fcn\u00fcm<\/li>\n<\/ul>\n","protected":false},"featured_media":16427,"comment_status":"open","ping_status":"closed","template":"","meta":[],"pwb-brand":[],"product_brand":[],"product_cat":[2328],"product_tag":[2331,2330],"class_list":{"0":"post-16424","1":"product","2":"type-product","3":"status-publish","4":"has-post-thumbnail","6":"product_cat-klimalar","7":"product_tag-5-yil-garanti-r32-sogutucu-akiskani-ile-cevreye-karsi-daha-duyarli-ve-daha-verimli-dort-mevsim-konfor-icin-sogutmada-a","8":"product_tag-elegant-prime-duvar-tipi-split-klima","10":"first","11":"instock","12":"shipping-taxable","13":"product-type-simple"},"brands":[],"_links":{"self":[{"href":"https:\/\/hamsayapi.com\/index.php\/wp-json\/wp\/v2\/product\/16424","targetHints":{"allow":["GET"]}}],"collection":[{"href":"https:\/\/hamsayapi.com\/index.php\/wp-json\/wp\/v2\/product"}],"about":[{"href":"https:\/\/hamsayapi.com\/index.php\/wp-json\/wp\/v2\/types\/product"}],"replies":[{"embeddable":true,"href":"https:\/\/hamsayapi.com\/index.php\/wp-json\/wp\/v2\/comments?post=16424"}],"version-history":[{"count":2,"href":"https:\/\/hamsayapi.com\/index.php\/wp-json\/wp\/v2\/product\/16424\/revisions"}],"predecessor-version":[{"id":16430,"href":"https:\/\/hamsayapi.com\/index.php\/wp-json\/wp\/v2\/product\/16424\/revisions\/16430"}],"wp:featuredmedia":[{"embeddable":true,"href":"https:\/\/hamsayapi.com\/index.php\/wp-json\/wp\/v2\/media\/16427"}],"wp:attachment":[{"href":"https:\/\/hamsayapi.com\/index.php\/wp-json\/wp\/v2\/media?parent=16424"}],"wp:term":[{"taxonomy":"pwb-brand","embeddable":true,"href":"https:\/\/hamsayapi.com\/index.php\/wp-json\/wp\/v2\/pwb-brand?post=16424"},{"taxonomy":"product_brand","embeddable":true,"href":"https:\/\/hamsayapi.com\/index.php\/wp-json\/wp\/v2\/product_brand?post=16424"},{"taxonomy":"product_cat","embeddable":true,"href":"https:\/\/hamsayapi.com\/index.php\/wp-json\/wp\/v2\/product_cat?post=16424"},{"taxonomy":"product_tag","embeddable":true,"href":"https:\/\/hamsayapi.com\/index.php\/wp-json\/wp\/v2\/product_tag?post=16424"}],"curies":[{"name":"wp","href":"https:\/\/api.w.org\/{rel}","templated":true}]}}