{"id":16418,"date":"2024-05-12T23:25:44","date_gmt":"2024-05-12T20:25:44","guid":{"rendered":"https:\/\/hamsayapi.com\/?post_type=product&#038;p=16418"},"modified":"2024-05-12T23:25:44","modified_gmt":"2024-05-12T20:25:44","slug":"elegant-plus-uv-duvar-tipi-split-klima","status":"publish","type":"product","link":"https:\/\/hamsayapi.com\/index.php\/urun\/elegant-plus-uv-duvar-tipi-split-klima\/","title":{"rendered":"Elegant Plus UV Duvar Tipi Split Klima"},"content":{"rendered":"","protected":false},"excerpt":{"rendered":"<ul>\n<li>So\u011futmada A++, Is\u0131tmada A+ Enerji S\u0131n\u0131f\u0131<\/li>\n<li>4 Y\u00f6ne Otomatik Hava Y\u00f6nlendirme<\/li>\n<li>Enerji Tasarrufu i\u00e7in Eco \u00c7al\u0131\u015fma Modu<\/li>\n<li>Silence Mod \u00d6zelli\u011fi ile Sessiz \u00c7al\u0131\u015fma<\/li>\n<li>Korozyona Kar\u015f\u0131 Dayan\u0131m\u0131 Artt\u0131ran \u00d6zel Golden Fin Kaplama<\/li>\n<li>I Feel Teknolojisi ile Hassas S\u0131cakl\u0131k Kontrol\u00fc<\/li>\n<li>Opsiyonel Wi-Fi \u00f6zelli\u011fi ile ak\u0131ll\u0131 kontrol<\/li>\n<\/ul>\n","protected":false},"featured_media":16421,"comment_status":"open","ping_status":"closed","template":"","meta":[],"pwb-brand":[],"product_brand":[],"product_cat":[2328],"product_tag":[2329],"class_list":{"0":"post-16418","1":"product","2":"type-product","3":"status-publish","4":"has-post-thumbnail","6":"product_cat-klimalar","7":"product_tag-elegant-plus-uv-duvar-tipi-split-klima","9":"first","10":"instock","11":"shipping-taxable","12":"product-type-simple"},"brands":[],"_links":{"self":[{"href":"https:\/\/hamsayapi.com\/index.php\/wp-json\/wp\/v2\/product\/16418","targetHints":{"allow":["GET"]}}],"collection":[{"href":"https:\/\/hamsayapi.com\/index.php\/wp-json\/wp\/v2\/product"}],"about":[{"href":"https:\/\/hamsayapi.com\/index.php\/wp-json\/wp\/v2\/types\/product"}],"replies":[{"embeddable":true,"href":"https:\/\/hamsayapi.com\/index.php\/wp-json\/wp\/v2\/comments?post=16418"}],"version-history":[{"count":2,"href":"https:\/\/hamsayapi.com\/index.php\/wp-json\/wp\/v2\/product\/16418\/revisions"}],"predecessor-version":[{"id":16423,"href":"https:\/\/hamsayapi.com\/index.php\/wp-json\/wp\/v2\/product\/16418\/revisions\/16423"}],"wp:featuredmedia":[{"embeddable":true,"href":"https:\/\/hamsayapi.com\/index.php\/wp-json\/wp\/v2\/media\/16421"}],"wp:attachment":[{"href":"https:\/\/hamsayapi.com\/index.php\/wp-json\/wp\/v2\/media?parent=16418"}],"wp:term":[{"taxonomy":"pwb-brand","embeddable":true,"href":"https:\/\/hamsayapi.com\/index.php\/wp-json\/wp\/v2\/pwb-brand?post=16418"},{"taxonomy":"product_brand","embeddable":true,"href":"https:\/\/hamsayapi.com\/index.php\/wp-json\/wp\/v2\/product_brand?post=16418"},{"taxonomy":"product_cat","embeddable":true,"href":"https:\/\/hamsayapi.com\/index.php\/wp-json\/wp\/v2\/product_cat?post=16418"},{"taxonomy":"product_tag","embeddable":true,"href":"https:\/\/hamsayapi.com\/index.php\/wp-json\/wp\/v2\/product_tag?post=16418"}],"curies":[{"name":"wp","href":"https:\/\/api.w.org\/{rel}","templated":true}]}}