{"id":16407,"date":"2024-05-12T23:21:07","date_gmt":"2024-05-12T20:21:07","guid":{"rendered":"https:\/\/hamsayapi.com\/?post_type=product&#038;p=16407"},"modified":"2024-07-26T23:44:32","modified_gmt":"2024-07-26T20:44:32","slug":"kapali-genlesme-tanki","status":"publish","type":"product","link":"https:\/\/hamsayapi.com\/index.php\/urun\/kapali-genlesme-tanki\/","title":{"rendered":"Kapal\u0131 Genle\u015fme Tank\u0131"},"content":{"rendered":"","protected":false},"excerpt":{"rendered":"<ul>\n<li>Y\u00fcksek Kalite Malzeme Kalitesi ile \u00dcst\u00fcn Tesisat ve \u00dcr\u00fcn Emniyeti<\/li>\n<li>Y\u00fcksek S\u0131cakl\u0131klarda Bile Uzun \u00d6m\u00fcrl\u00fc \u00dcr\u00fcn Kalitesi<\/li>\n<\/ul>\n","protected":false},"featured_media":16408,"comment_status":"open","ping_status":"closed","template":"","meta":[],"pwb-brand":[],"product_brand":[],"product_cat":[2319],"product_tag":[2325],"class_list":{"0":"post-16407","1":"product","2":"type-product","3":"status-publish","4":"has-post-thumbnail","6":"product_cat-merkezi-sistemler-klima-sistemleri","7":"product_tag-kapali-genlesme-tanki","9":"first","10":"instock","11":"shipping-taxable","12":"product-type-simple"},"brands":[],"_links":{"self":[{"href":"https:\/\/hamsayapi.com\/index.php\/wp-json\/wp\/v2\/product\/16407","targetHints":{"allow":["GET"]}}],"collection":[{"href":"https:\/\/hamsayapi.com\/index.php\/wp-json\/wp\/v2\/product"}],"about":[{"href":"https:\/\/hamsayapi.com\/index.php\/wp-json\/wp\/v2\/types\/product"}],"replies":[{"embeddable":true,"href":"https:\/\/hamsayapi.com\/index.php\/wp-json\/wp\/v2\/comments?post=16407"}],"version-history":[{"count":2,"href":"https:\/\/hamsayapi.com\/index.php\/wp-json\/wp\/v2\/product\/16407\/revisions"}],"predecessor-version":[{"id":16410,"href":"https:\/\/hamsayapi.com\/index.php\/wp-json\/wp\/v2\/product\/16407\/revisions\/16410"}],"wp:featuredmedia":[{"embeddable":true,"href":"https:\/\/hamsayapi.com\/index.php\/wp-json\/wp\/v2\/media\/16408"}],"wp:attachment":[{"href":"https:\/\/hamsayapi.com\/index.php\/wp-json\/wp\/v2\/media?parent=16407"}],"wp:term":[{"taxonomy":"pwb-brand","embeddable":true,"href":"https:\/\/hamsayapi.com\/index.php\/wp-json\/wp\/v2\/pwb-brand?post=16407"},{"taxonomy":"product_brand","embeddable":true,"href":"https:\/\/hamsayapi.com\/index.php\/wp-json\/wp\/v2\/product_brand?post=16407"},{"taxonomy":"product_cat","embeddable":true,"href":"https:\/\/hamsayapi.com\/index.php\/wp-json\/wp\/v2\/product_cat?post=16407"},{"taxonomy":"product_tag","embeddable":true,"href":"https:\/\/hamsayapi.com\/index.php\/wp-json\/wp\/v2\/product_tag?post=16407"}],"curies":[{"name":"wp","href":"https:\/\/api.w.org\/{rel}","templated":true}]}}