{"id":16398,"date":"2024-05-12T23:18:57","date_gmt":"2024-05-12T20:18:57","guid":{"rendered":"https:\/\/hamsayapi.com\/?post_type=product&#038;p=16398"},"modified":"2024-07-26T23:45:46","modified_gmt":"2024-07-26T20:45:46","slug":"baymak-2-gecisli-yakut-uflemeli-brulorlu-cebri-celik-kazan","status":"publish","type":"product","link":"https:\/\/hamsayapi.com\/index.php\/urun\/baymak-2-gecisli-yakut-uflemeli-brulorlu-cebri-celik-kazan\/","title":{"rendered":"Baymak 2 Ge\u00e7i\u015fli Yakut<br> \u00dcflemeli Br\u00fcl\u00f6rl\u00fc (Cebri)<br> \u00c7elik Kazan"},"content":{"rendered":"","protected":false},"excerpt":{"rendered":"<ul>\n<li>Kar\u015f\u0131 Bas\u0131n\u00e7 Prensibine G\u00f6re Yanma Teknolojisi<\/li>\n<li>Y\u00fcksek \u00c7al\u0131\u015fma Bas\u0131n\u00e7lar\u0131na Kar\u015f\u0131 \u00d6zel \u0130malat (8 bar\u2019a kadar)<\/li>\n<li>2. Ge\u00e7i\u015f Borular\u0131nda Bulunan T\u00fcrb\u00fclat\u00f6rler Sayesinde Yanma Verimi Artarken Yak\u0131t T\u00fcketimi Azalmaktad\u0131r<\/li>\n<li>Do\u011falgaz, Lpg, Motorin ve Fuel Oil \u00c7al\u0131\u015fma \u0130mkan\u0131<\/li>\n<li>\u0130ki Y\u00f6ne A\u00e7\u0131labilen Kazan Kapa\u011f\u0131<\/li>\n<li>\u00d6zel \u0130zolasyonlu Kazan Kapa\u011f\u0131 Sayesinde Y\u00fcksek Is\u0131 \u0130zolasyonu<\/li>\n<\/ul>\n","protected":false},"featured_media":16400,"comment_status":"open","ping_status":"closed","template":"","meta":[],"pwb-brand":[],"product_brand":[],"product_cat":[2319],"product_tag":[2323],"class_list":{"0":"post-16398","1":"product","2":"type-product","3":"status-publish","4":"has-post-thumbnail","6":"product_cat-merkezi-sistemler-klima-sistemleri","7":"product_tag-baymak-2-gecisli-yakut-uflemeli-brulorlu-cebri-celik-kazan","9":"first","10":"instock","11":"shipping-taxable","12":"product-type-simple"},"brands":[],"_links":{"self":[{"href":"https:\/\/hamsayapi.com\/index.php\/wp-json\/wp\/v2\/product\/16398","targetHints":{"allow":["GET"]}}],"collection":[{"href":"https:\/\/hamsayapi.com\/index.php\/wp-json\/wp\/v2\/product"}],"about":[{"href":"https:\/\/hamsayapi.com\/index.php\/wp-json\/wp\/v2\/types\/product"}],"replies":[{"embeddable":true,"href":"https:\/\/hamsayapi.com\/index.php\/wp-json\/wp\/v2\/comments?post=16398"}],"version-history":[{"count":3,"href":"https:\/\/hamsayapi.com\/index.php\/wp-json\/wp\/v2\/product\/16398\/revisions"}],"predecessor-version":[{"id":19559,"href":"https:\/\/hamsayapi.com\/index.php\/wp-json\/wp\/v2\/product\/16398\/revisions\/19559"}],"wp:featuredmedia":[{"embeddable":true,"href":"https:\/\/hamsayapi.com\/index.php\/wp-json\/wp\/v2\/media\/16400"}],"wp:attachment":[{"href":"https:\/\/hamsayapi.com\/index.php\/wp-json\/wp\/v2\/media?parent=16398"}],"wp:term":[{"taxonomy":"pwb-brand","embeddable":true,"href":"https:\/\/hamsayapi.com\/index.php\/wp-json\/wp\/v2\/pwb-brand?post=16398"},{"taxonomy":"product_brand","embeddable":true,"href":"https:\/\/hamsayapi.com\/index.php\/wp-json\/wp\/v2\/product_brand?post=16398"},{"taxonomy":"product_cat","embeddable":true,"href":"https:\/\/hamsayapi.com\/index.php\/wp-json\/wp\/v2\/product_cat?post=16398"},{"taxonomy":"product_tag","embeddable":true,"href":"https:\/\/hamsayapi.com\/index.php\/wp-json\/wp\/v2\/product_tag?post=16398"}],"curies":[{"name":"wp","href":"https:\/\/api.w.org\/{rel}","templated":true}]}}