{"id":16394,"date":"2024-05-12T23:17:52","date_gmt":"2024-05-12T20:17:52","guid":{"rendered":"https:\/\/hamsayapi.com\/?post_type=product&#038;p=16394"},"modified":"2024-07-26T23:45:43","modified_gmt":"2024-07-26T20:45:43","slug":"baymak-3-gecisli-multibloc-uflemeli-brulorlu-cebri-celik-kazan","status":"publish","type":"product","link":"https:\/\/hamsayapi.com\/index.php\/urun\/baymak-3-gecisli-multibloc-uflemeli-brulorlu-cebri-celik-kazan\/","title":{"rendered":"Baymak 3 Ge\u00e7i\u015fli Multibloc<br> \u00dcflemeli Br\u00fcl\u00f6rl\u00fc (Cebri)<br> \u00c7elik Kazan"},"content":{"rendered":"","protected":false},"excerpt":{"rendered":"<ul>\n<li>3 Tam Ge\u00e7i\u015f ile Y\u00fcksek Verim ve D\u00fc\u015f\u00fck Emisyon De\u011ferleri<\/li>\n<li>Termomix Teknolojisi ile Yo\u011fu\u015fmas\u0131z \u00c7al\u0131\u015fma<\/li>\n<li>Y\u00fcksek \u00c7al\u0131\u015fma Bas\u0131n\u00e7lar\u0131na Kar\u015f\u0131 \u00d6zel \u0130malat (8 bar\u2019a kadar)<\/li>\n<li>\u0130ki Y\u00f6ne A\u00e7\u0131labilen Kazan Kapa\u011f\u0131<\/li>\n<li>Do\u011falgaz, Lpg ve Motorin ile \u00c7al\u0131\u015fma \u0130mkan\u0131<\/li>\n<\/ul>\n","protected":false},"featured_media":16396,"comment_status":"open","ping_status":"closed","template":"","meta":[],"pwb-brand":[],"product_brand":[],"product_cat":[2319],"product_tag":[2322],"class_list":{"0":"post-16394","1":"product","2":"type-product","3":"status-publish","4":"has-post-thumbnail","6":"product_cat-merkezi-sistemler-klima-sistemleri","7":"product_tag-baymak-3-gecisli-multibloc-uflemeli-brulorlu-cebri-celik-kazan","9":"first","10":"instock","11":"shipping-taxable","12":"product-type-simple"},"brands":[],"_links":{"self":[{"href":"https:\/\/hamsayapi.com\/index.php\/wp-json\/wp\/v2\/product\/16394","targetHints":{"allow":["GET"]}}],"collection":[{"href":"https:\/\/hamsayapi.com\/index.php\/wp-json\/wp\/v2\/product"}],"about":[{"href":"https:\/\/hamsayapi.com\/index.php\/wp-json\/wp\/v2\/types\/product"}],"replies":[{"embeddable":true,"href":"https:\/\/hamsayapi.com\/index.php\/wp-json\/wp\/v2\/comments?post=16394"}],"version-history":[{"count":3,"href":"https:\/\/hamsayapi.com\/index.php\/wp-json\/wp\/v2\/product\/16394\/revisions"}],"predecessor-version":[{"id":19560,"href":"https:\/\/hamsayapi.com\/index.php\/wp-json\/wp\/v2\/product\/16394\/revisions\/19560"}],"wp:featuredmedia":[{"embeddable":true,"href":"https:\/\/hamsayapi.com\/index.php\/wp-json\/wp\/v2\/media\/16396"}],"wp:attachment":[{"href":"https:\/\/hamsayapi.com\/index.php\/wp-json\/wp\/v2\/media?parent=16394"}],"wp:term":[{"taxonomy":"pwb-brand","embeddable":true,"href":"https:\/\/hamsayapi.com\/index.php\/wp-json\/wp\/v2\/pwb-brand?post=16394"},{"taxonomy":"product_brand","embeddable":true,"href":"https:\/\/hamsayapi.com\/index.php\/wp-json\/wp\/v2\/product_brand?post=16394"},{"taxonomy":"product_cat","embeddable":true,"href":"https:\/\/hamsayapi.com\/index.php\/wp-json\/wp\/v2\/product_cat?post=16394"},{"taxonomy":"product_tag","embeddable":true,"href":"https:\/\/hamsayapi.com\/index.php\/wp-json\/wp\/v2\/product_tag?post=16394"}],"curies":[{"name":"wp","href":"https:\/\/api.w.org\/{rel}","templated":true}]}}