{"id":16389,"date":"2024-05-12T23:16:05","date_gmt":"2024-05-12T20:16:05","guid":{"rendered":"https:\/\/hamsayapi.com\/?post_type=product&#038;p=16389"},"modified":"2024-07-26T23:43:09","modified_gmt":"2024-07-26T20:43:09","slug":"baymak-magnus-yer-tipi-yogusmali-kazan","status":"publish","type":"product","link":"https:\/\/hamsayapi.com\/index.php\/urun\/baymak-magnus-yer-tipi-yogusmali-kazan\/","title":{"rendered":"Baymak Magnus Yer Tipi Yo\u011fu\u015fmal\u0131 Kazan"},"content":{"rendered":"","protected":false},"excerpt":{"rendered":"<ul>\n<li>Tek Kazanla 285 kW\u2019dan 650 kW\u2019a Kadar Geni\u015f Kapasite Aral\u0131\u011f\u0131<\/li>\n<li>%109,6\u2019ya Varan Y\u00fcksek Kazan Verimi<\/li>\n<li>%20 \u2013 100 Aras\u0131 Y\u00fcksek Mod\u00fclasyon Aral\u0131\u011f\u0131<\/li>\n<li>Tek Kaskad Kontrol Paneli ile 15 Adet Kazana Kadar Kaskad Ba\u011flanabilme<\/li>\n<li>Y\u00fcksek Tesisat \u0130\u015fletme Bas\u0131n\u00e7lar\u0131na Kar\u015f\u0131 7 Bar Kazan \u00c7al\u0131\u015fma Bas\u0131nc\u0131<\/li>\n<li>Tekerlekleri Sayesinde Nakliye ve Ta\u015f\u0131mada Kolayl\u0131k<\/li>\n<li>Al-Mg-Si Ala\u015f\u0131ml\u0131 E\u015fanj\u00f6r Yap\u0131s\u0131 ile Kompakt Tasar\u0131m<\/li>\n<li>5 Y\u0131l Sistem Garantisi (Magnus yo\u011fu\u015fmal\u0131 kazan dairelerinde kullan\u0131lacak boyler, genle\u015fme tank\u0131, pompa ve otomasyon ekipmanlar\u0131n\u0131n t\u00fcm\u00fc Baymak&#8217;tan tedarik edilmi\u015f \u00fcr\u00fcnler olursa, o kazan dairesinde bulunan Magnus yo\u011fu\u015fmal\u0131 kazanlar\u0131n garanti s\u00fcresi 3 y\u0131l yerine 5 y\u0131l olacakt\u0131r.)<\/li>\n<\/ul>\n","protected":false},"featured_media":16391,"comment_status":"open","ping_status":"closed","template":"","meta":[],"pwb-brand":[],"product_brand":[],"product_cat":[2319],"product_tag":[2321],"class_list":{"0":"post-16389","1":"product","2":"type-product","3":"status-publish","4":"has-post-thumbnail","6":"product_cat-merkezi-sistemler-klima-sistemleri","7":"product_tag-baymak-magnus-yer-tipi-yogusmali-kazan","9":"first","10":"instock","11":"shipping-taxable","12":"product-type-simple"},"brands":[],"_links":{"self":[{"href":"https:\/\/hamsayapi.com\/index.php\/wp-json\/wp\/v2\/product\/16389","targetHints":{"allow":["GET"]}}],"collection":[{"href":"https:\/\/hamsayapi.com\/index.php\/wp-json\/wp\/v2\/product"}],"about":[{"href":"https:\/\/hamsayapi.com\/index.php\/wp-json\/wp\/v2\/types\/product"}],"replies":[{"embeddable":true,"href":"https:\/\/hamsayapi.com\/index.php\/wp-json\/wp\/v2\/comments?post=16389"}],"version-history":[{"count":2,"href":"https:\/\/hamsayapi.com\/index.php\/wp-json\/wp\/v2\/product\/16389\/revisions"}],"predecessor-version":[{"id":16393,"href":"https:\/\/hamsayapi.com\/index.php\/wp-json\/wp\/v2\/product\/16389\/revisions\/16393"}],"wp:featuredmedia":[{"embeddable":true,"href":"https:\/\/hamsayapi.com\/index.php\/wp-json\/wp\/v2\/media\/16391"}],"wp:attachment":[{"href":"https:\/\/hamsayapi.com\/index.php\/wp-json\/wp\/v2\/media?parent=16389"}],"wp:term":[{"taxonomy":"pwb-brand","embeddable":true,"href":"https:\/\/hamsayapi.com\/index.php\/wp-json\/wp\/v2\/pwb-brand?post=16389"},{"taxonomy":"product_brand","embeddable":true,"href":"https:\/\/hamsayapi.com\/index.php\/wp-json\/wp\/v2\/product_brand?post=16389"},{"taxonomy":"product_cat","embeddable":true,"href":"https:\/\/hamsayapi.com\/index.php\/wp-json\/wp\/v2\/product_cat?post=16389"},{"taxonomy":"product_tag","embeddable":true,"href":"https:\/\/hamsayapi.com\/index.php\/wp-json\/wp\/v2\/product_tag?post=16389"}],"curies":[{"name":"wp","href":"https:\/\/api.w.org\/{rel}","templated":true}]}}