{"id":16383,"date":"2024-05-12T23:15:06","date_gmt":"2024-05-12T20:15:06","guid":{"rendered":"https:\/\/hamsayapi.com\/?post_type=product&#038;p=16383"},"modified":"2024-07-26T23:42:50","modified_gmt":"2024-07-26T20:42:50","slug":"baymak-lectus-duvar-tipi-yogusmali-kazan","status":"publish","type":"product","link":"https:\/\/hamsayapi.com\/index.php\/urun\/baymak-lectus-duvar-tipi-yogusmali-kazan\/","title":{"rendered":"Baymak Lectus Duvar Tipi Yo\u011fu\u015fmal\u0131 Kazan"},"content":{"rendered":"","protected":false},"excerpt":{"rendered":"<ul>\n<li>65, 90, ve 114 kW Kazan Kapasiteleri<\/li>\n<li>%108,1\u2019e Varan Y\u00fcksek Kazan Verimi<\/li>\n<li>%16 \u2013 100 Aras\u0131 Y\u00fcksek Mod\u00fclasyon Aral\u0131\u011f\u0131<\/li>\n<li>Tek Kaskad Kontrol Paneli ile 15 Adet Kazana Kadar Kaskad Ba\u011flanabilme<\/li>\n<li>Kompakt \u00d6l\u00e7\u00fcleri ile Yer Tasarrufu Sa\u011flar<\/li>\n<li>Do\u011falgaz ve LPG ile \u00c7al\u0131\u015fabilme<\/li>\n<li>5 Y\u0131l Sistem Garantisi (Lectus yo\u011fu\u015fmal\u0131 kazan dairelerinde kullan\u0131lacak boyler, genle\u015fme tank\u0131, pompa ve otomasyon ekipmanlar\u0131n\u0131n t\u00fcm\u00fc Baymak&#8217;tan tedarik edilmi\u015f \u00fcr\u00fcnler olursa, o kazan dairesinde bulunan Lectus yo\u011fu\u015fmal\u0131 kazanlar\u0131n garanti s\u00fcresi 3 y\u0131l yerine 5 y\u0131l olacakt\u0131r.)<\/li>\n<\/ul>\n","protected":false},"featured_media":16385,"comment_status":"open","ping_status":"closed","template":"","meta":[],"pwb-brand":[],"product_brand":[],"product_cat":[2319],"product_tag":[2320],"class_list":{"0":"post-16383","1":"product","2":"type-product","3":"status-publish","4":"has-post-thumbnail","6":"product_cat-merkezi-sistemler-klima-sistemleri","7":"product_tag-baymak-lectus-duvar-tipi-yogusmali-kazan","9":"first","10":"instock","11":"shipping-taxable","12":"product-type-simple"},"brands":[],"_links":{"self":[{"href":"https:\/\/hamsayapi.com\/index.php\/wp-json\/wp\/v2\/product\/16383","targetHints":{"allow":["GET"]}}],"collection":[{"href":"https:\/\/hamsayapi.com\/index.php\/wp-json\/wp\/v2\/product"}],"about":[{"href":"https:\/\/hamsayapi.com\/index.php\/wp-json\/wp\/v2\/types\/product"}],"replies":[{"embeddable":true,"href":"https:\/\/hamsayapi.com\/index.php\/wp-json\/wp\/v2\/comments?post=16383"}],"version-history":[{"count":2,"href":"https:\/\/hamsayapi.com\/index.php\/wp-json\/wp\/v2\/product\/16383\/revisions"}],"predecessor-version":[{"id":16388,"href":"https:\/\/hamsayapi.com\/index.php\/wp-json\/wp\/v2\/product\/16383\/revisions\/16388"}],"wp:featuredmedia":[{"embeddable":true,"href":"https:\/\/hamsayapi.com\/index.php\/wp-json\/wp\/v2\/media\/16385"}],"wp:attachment":[{"href":"https:\/\/hamsayapi.com\/index.php\/wp-json\/wp\/v2\/media?parent=16383"}],"wp:term":[{"taxonomy":"pwb-brand","embeddable":true,"href":"https:\/\/hamsayapi.com\/index.php\/wp-json\/wp\/v2\/pwb-brand?post=16383"},{"taxonomy":"product_brand","embeddable":true,"href":"https:\/\/hamsayapi.com\/index.php\/wp-json\/wp\/v2\/product_brand?post=16383"},{"taxonomy":"product_cat","embeddable":true,"href":"https:\/\/hamsayapi.com\/index.php\/wp-json\/wp\/v2\/product_cat?post=16383"},{"taxonomy":"product_tag","embeddable":true,"href":"https:\/\/hamsayapi.com\/index.php\/wp-json\/wp\/v2\/product_tag?post=16383"}],"curies":[{"name":"wp","href":"https:\/\/api.w.org\/{rel}","templated":true}]}}