{"id":16373,"date":"2024-05-12T23:11:52","date_gmt":"2024-05-12T20:11:52","guid":{"rendered":"https:\/\/hamsayapi.com\/?post_type=product&#038;p=16373"},"modified":"2024-07-26T23:51:43","modified_gmt":"2024-07-26T20:51:43","slug":"baymak-kose-radyator-vanasi","status":"publish","type":"product","link":"https:\/\/hamsayapi.com\/index.php\/urun\/baymak-kose-radyator-vanasi\/","title":{"rendered":"Baymak K\u00f6\u015fe Radyat\u00f6r Vanas\u0131"},"content":{"rendered":"","protected":false},"excerpt":{"rendered":"<ul>\n<li>Pirin\u00e7 Nikel Kaplama<\/li>\n<li>10 Bar Max \u00c7al\u0131\u015fma Bas\u0131nc\u0131<\/li>\n<li>120 \u00b0C Max \u00c7al\u0131\u015fma S\u0131cakl\u0131\u011f\u0131<\/li>\n<\/ul>\n","protected":false},"featured_media":16375,"comment_status":"open","ping_status":"closed","template":"","meta":[],"pwb-brand":[],"product_brand":[],"product_cat":[2306],"product_tag":[2317],"class_list":{"0":"post-16373","1":"product","2":"type-product","3":"status-publish","4":"has-post-thumbnail","6":"product_cat-radyatorler","7":"product_tag-baymak-kose-radyator-vanasi","9":"first","10":"instock","11":"shipping-taxable","12":"product-type-simple"},"brands":[],"_links":{"self":[{"href":"https:\/\/hamsayapi.com\/index.php\/wp-json\/wp\/v2\/product\/16373","targetHints":{"allow":["GET"]}}],"collection":[{"href":"https:\/\/hamsayapi.com\/index.php\/wp-json\/wp\/v2\/product"}],"about":[{"href":"https:\/\/hamsayapi.com\/index.php\/wp-json\/wp\/v2\/types\/product"}],"replies":[{"embeddable":true,"href":"https:\/\/hamsayapi.com\/index.php\/wp-json\/wp\/v2\/comments?post=16373"}],"version-history":[{"count":1,"href":"https:\/\/hamsayapi.com\/index.php\/wp-json\/wp\/v2\/product\/16373\/revisions"}],"predecessor-version":[{"id":16376,"href":"https:\/\/hamsayapi.com\/index.php\/wp-json\/wp\/v2\/product\/16373\/revisions\/16376"}],"wp:featuredmedia":[{"embeddable":true,"href":"https:\/\/hamsayapi.com\/index.php\/wp-json\/wp\/v2\/media\/16375"}],"wp:attachment":[{"href":"https:\/\/hamsayapi.com\/index.php\/wp-json\/wp\/v2\/media?parent=16373"}],"wp:term":[{"taxonomy":"pwb-brand","embeddable":true,"href":"https:\/\/hamsayapi.com\/index.php\/wp-json\/wp\/v2\/pwb-brand?post=16373"},{"taxonomy":"product_brand","embeddable":true,"href":"https:\/\/hamsayapi.com\/index.php\/wp-json\/wp\/v2\/product_brand?post=16373"},{"taxonomy":"product_cat","embeddable":true,"href":"https:\/\/hamsayapi.com\/index.php\/wp-json\/wp\/v2\/product_cat?post=16373"},{"taxonomy":"product_tag","embeddable":true,"href":"https:\/\/hamsayapi.com\/index.php\/wp-json\/wp\/v2\/product_tag?post=16373"}],"curies":[{"name":"wp","href":"https:\/\/api.w.org\/{rel}","templated":true}]}}