{"id":16369,"date":"2024-05-12T23:10:44","date_gmt":"2024-05-12T20:10:44","guid":{"rendered":"https:\/\/hamsayapi.com\/?post_type=product&#038;p=16369"},"modified":"2024-07-26T23:50:48","modified_gmt":"2024-07-26T20:50:48","slug":"baymak-duz-termostatik-radyator-vanasi","status":"publish","type":"product","link":"https:\/\/hamsayapi.com\/index.php\/urun\/baymak-duz-termostatik-radyator-vanasi\/","title":{"rendered":"Baymak D\u00fcz Termostatik Radyat\u00f6r Vanas\u0131"},"content":{"rendered":"","protected":false},"excerpt":{"rendered":"<ul>\n<li>Oda S\u0131cakl\u0131\u011f\u0131n\u0131 7-28 \u00b0C Aras\u0131nda \u0130stedi\u011finiz Sabit Bir De\u011ferde Tutar<\/li>\n<li>\u201c0\u201d ile \u201c5\u201d Pozisyonu Aras\u0131nda Ayarlanabilme veya Sabitlenebilme \u00d6zelli\u011fine Sahiptir<\/li>\n<li>Pirin\u00e7 Nikel Kaplama<\/li>\n<li>10 bar Max \u00c7al\u0131\u015fma Bas\u0131nc\u0131<\/li>\n<li>120 \u00b0C\u00a0Max \u00c7al\u0131\u015fma S\u0131cakl\u0131\u011f\u0131<\/li>\n<\/ul>\n","protected":false},"featured_media":16371,"comment_status":"closed","ping_status":"closed","template":"","meta":[],"pwb-brand":[],"product_brand":[],"product_cat":[2306],"product_tag":[2316],"class_list":{"0":"post-16369","1":"product","2":"type-product","3":"status-publish","4":"has-post-thumbnail","6":"product_cat-radyatorler","7":"product_tag-baymak-duz-termostatik-radyator-vanasi","9":"first","10":"instock","11":"shipping-taxable","12":"product-type-simple"},"brands":[],"_links":{"self":[{"href":"https:\/\/hamsayapi.com\/index.php\/wp-json\/wp\/v2\/product\/16369","targetHints":{"allow":["GET"]}}],"collection":[{"href":"https:\/\/hamsayapi.com\/index.php\/wp-json\/wp\/v2\/product"}],"about":[{"href":"https:\/\/hamsayapi.com\/index.php\/wp-json\/wp\/v2\/types\/product"}],"replies":[{"embeddable":true,"href":"https:\/\/hamsayapi.com\/index.php\/wp-json\/wp\/v2\/comments?post=16369"}],"version-history":[{"count":2,"href":"https:\/\/hamsayapi.com\/index.php\/wp-json\/wp\/v2\/product\/16369\/revisions"}],"predecessor-version":[{"id":19568,"href":"https:\/\/hamsayapi.com\/index.php\/wp-json\/wp\/v2\/product\/16369\/revisions\/19568"}],"wp:featuredmedia":[{"embeddable":true,"href":"https:\/\/hamsayapi.com\/index.php\/wp-json\/wp\/v2\/media\/16371"}],"wp:attachment":[{"href":"https:\/\/hamsayapi.com\/index.php\/wp-json\/wp\/v2\/media?parent=16369"}],"wp:term":[{"taxonomy":"pwb-brand","embeddable":true,"href":"https:\/\/hamsayapi.com\/index.php\/wp-json\/wp\/v2\/pwb-brand?post=16369"},{"taxonomy":"product_brand","embeddable":true,"href":"https:\/\/hamsayapi.com\/index.php\/wp-json\/wp\/v2\/product_brand?post=16369"},{"taxonomy":"product_cat","embeddable":true,"href":"https:\/\/hamsayapi.com\/index.php\/wp-json\/wp\/v2\/product_cat?post=16369"},{"taxonomy":"product_tag","embeddable":true,"href":"https:\/\/hamsayapi.com\/index.php\/wp-json\/wp\/v2\/product_tag?post=16369"}],"curies":[{"name":"wp","href":"https:\/\/api.w.org\/{rel}","templated":true}]}}