{"id":16359,"date":"2024-05-12T23:03:32","date_gmt":"2024-05-12T20:03:32","guid":{"rendered":"https:\/\/hamsayapi.com\/?post_type=product&#038;p=16359"},"modified":"2024-07-26T23:48:45","modified_gmt":"2024-07-26T20:48:45","slug":"baymak-yuvarlak-borulu-duz-oval-tip-beyaz-havlu-radyator","status":"publish","type":"product","link":"https:\/\/hamsayapi.com\/index.php\/urun\/baymak-yuvarlak-borulu-duz-oval-tip-beyaz-havlu-radyator\/","title":{"rendered":"Baymak Yuvarlak Borulu D\u00fcz\/Oval Tip Beyaz Havlu Radyat\u00f6r"},"content":{"rendered":"","protected":false},"excerpt":{"rendered":"<ul>\n<li>5 Y\u0131l Garanti<\/li>\n<li>6 Farkl\u0131 Y\u00fckseklikte (700-800-1000-1200-1400-1600 mm)<\/li>\n<li>400-500-600 mm Geni\u015flik Model Se\u00e7enekleri<\/li>\n<li>8 bar Maksimum \u00c7al\u0131\u015fma Bas\u0131nc\u0131<\/li>\n<li>110\u02daC Maksimum \u00c7al\u0131\u015fma S\u0131cakl\u0131\u011f\u0131<\/li>\n<\/ul>\n","protected":false},"featured_media":16360,"comment_status":"open","ping_status":"closed","template":"","meta":[],"pwb-brand":[],"product_brand":[],"product_cat":[2306],"product_tag":[2313],"class_list":{"0":"post-16359","1":"product","2":"type-product","3":"status-publish","4":"has-post-thumbnail","6":"product_cat-radyatorler","7":"product_tag-baymak-yuvarlak-borulu-duz-oval-tip-beyaz-havlu-radyator","9":"first","10":"instock","11":"shipping-taxable","12":"product-type-simple"},"brands":[],"_links":{"self":[{"href":"https:\/\/hamsayapi.com\/index.php\/wp-json\/wp\/v2\/product\/16359","targetHints":{"allow":["GET"]}}],"collection":[{"href":"https:\/\/hamsayapi.com\/index.php\/wp-json\/wp\/v2\/product"}],"about":[{"href":"https:\/\/hamsayapi.com\/index.php\/wp-json\/wp\/v2\/types\/product"}],"replies":[{"embeddable":true,"href":"https:\/\/hamsayapi.com\/index.php\/wp-json\/wp\/v2\/comments?post=16359"}],"version-history":[{"count":2,"href":"https:\/\/hamsayapi.com\/index.php\/wp-json\/wp\/v2\/product\/16359\/revisions"}],"predecessor-version":[{"id":19565,"href":"https:\/\/hamsayapi.com\/index.php\/wp-json\/wp\/v2\/product\/16359\/revisions\/19565"}],"wp:featuredmedia":[{"embeddable":true,"href":"https:\/\/hamsayapi.com\/index.php\/wp-json\/wp\/v2\/media\/16360"}],"wp:attachment":[{"href":"https:\/\/hamsayapi.com\/index.php\/wp-json\/wp\/v2\/media?parent=16359"}],"wp:term":[{"taxonomy":"pwb-brand","embeddable":true,"href":"https:\/\/hamsayapi.com\/index.php\/wp-json\/wp\/v2\/pwb-brand?post=16359"},{"taxonomy":"product_brand","embeddable":true,"href":"https:\/\/hamsayapi.com\/index.php\/wp-json\/wp\/v2\/product_brand?post=16359"},{"taxonomy":"product_cat","embeddable":true,"href":"https:\/\/hamsayapi.com\/index.php\/wp-json\/wp\/v2\/product_cat?post=16359"},{"taxonomy":"product_tag","embeddable":true,"href":"https:\/\/hamsayapi.com\/index.php\/wp-json\/wp\/v2\/product_tag?post=16359"}],"curies":[{"name":"wp","href":"https:\/\/api.w.org\/{rel}","templated":true}]}}