{"id":16351,"date":"2024-05-12T23:01:32","date_gmt":"2024-05-12T20:01:32","guid":{"rendered":"https:\/\/hamsayapi.com\/?post_type=product&#038;p=16351"},"modified":"2024-07-26T23:49:53","modified_gmt":"2024-07-26T20:49:53","slug":"baymak-aluminyum-beyaz-havlu-radyator","status":"publish","type":"product","link":"https:\/\/hamsayapi.com\/index.php\/urun\/baymak-aluminyum-beyaz-havlu-radyator\/","title":{"rendered":"Baymak Al\u00fcminyum Beyaz Havlu Radyat\u00f6r"},"content":{"rendered":"","protected":false},"excerpt":{"rendered":"<ul>\n<li>Elips \u00c7izgilerden Olu\u015fan \u0130nce Tasar\u0131m<\/li>\n<li>Narin ve Estetik Bir G\u00f6r\u00fcnt\u00fc<\/li>\n<li>6 Farkl\u0131 Y\u00fckseklikte (700-800-1000-1200-1500-1800 mm)<\/li>\n<li>500 mm Geni\u015flik Modeli<\/li>\n<li>5 bar Maksimum \u00c7al\u0131\u015fma Bas\u0131nc\u0131<\/li>\n<\/ul>\n","protected":false},"featured_media":16353,"comment_status":"open","ping_status":"closed","template":"","meta":[],"pwb-brand":[],"product_brand":[],"product_cat":[2306],"product_tag":[2311],"class_list":{"0":"post-16351","1":"product","2":"type-product","3":"status-publish","4":"has-post-thumbnail","6":"product_cat-radyatorler","7":"product_tag-baymak-aluminyum-beyaz-havlu-radyator","9":"first","10":"instock","11":"shipping-taxable","12":"product-type-simple"},"brands":[],"_links":{"self":[{"href":"https:\/\/hamsayapi.com\/index.php\/wp-json\/wp\/v2\/product\/16351","targetHints":{"allow":["GET"]}}],"collection":[{"href":"https:\/\/hamsayapi.com\/index.php\/wp-json\/wp\/v2\/product"}],"about":[{"href":"https:\/\/hamsayapi.com\/index.php\/wp-json\/wp\/v2\/types\/product"}],"replies":[{"embeddable":true,"href":"https:\/\/hamsayapi.com\/index.php\/wp-json\/wp\/v2\/comments?post=16351"}],"version-history":[{"count":2,"href":"https:\/\/hamsayapi.com\/index.php\/wp-json\/wp\/v2\/product\/16351\/revisions"}],"predecessor-version":[{"id":19567,"href":"https:\/\/hamsayapi.com\/index.php\/wp-json\/wp\/v2\/product\/16351\/revisions\/19567"}],"wp:featuredmedia":[{"embeddable":true,"href":"https:\/\/hamsayapi.com\/index.php\/wp-json\/wp\/v2\/media\/16353"}],"wp:attachment":[{"href":"https:\/\/hamsayapi.com\/index.php\/wp-json\/wp\/v2\/media?parent=16351"}],"wp:term":[{"taxonomy":"pwb-brand","embeddable":true,"href":"https:\/\/hamsayapi.com\/index.php\/wp-json\/wp\/v2\/pwb-brand?post=16351"},{"taxonomy":"product_brand","embeddable":true,"href":"https:\/\/hamsayapi.com\/index.php\/wp-json\/wp\/v2\/product_brand?post=16351"},{"taxonomy":"product_cat","embeddable":true,"href":"https:\/\/hamsayapi.com\/index.php\/wp-json\/wp\/v2\/product_cat?post=16351"},{"taxonomy":"product_tag","embeddable":true,"href":"https:\/\/hamsayapi.com\/index.php\/wp-json\/wp\/v2\/product_tag?post=16351"}],"curies":[{"name":"wp","href":"https:\/\/api.w.org\/{rel}","templated":true}]}}