{"id":16347,"date":"2024-05-12T23:00:15","date_gmt":"2024-05-12T20:00:15","guid":{"rendered":"https:\/\/hamsayapi.com\/?post_type=product&#038;p=16347"},"modified":"2024-07-26T23:47:17","modified_gmt":"2024-07-26T20:47:17","slug":"baymak-aluminyum-panel-radyator","status":"publish","type":"product","link":"https:\/\/hamsayapi.com\/index.php\/urun\/baymak-aluminyum-panel-radyator\/","title":{"rendered":"Baymak Al\u00fcminyum Panel Radyat\u00f6r"},"content":{"rendered":"","protected":false},"excerpt":{"rendered":"<ul>\n<li>Al\u00fcminyum Panel Dilim ile Beyaz Renkte \u00dcretim<\/li>\n<li>1800 mm Y\u00fcksekli\u011finde Oval Kenar Detay\u0131 ile Farkl\u0131 Bir Tasar\u0131ma Sahip<\/li>\n<li>7 Dilimden\u00a0 23 Dilime\u00a0 Kadar 5 Farkl\u0131 Uzunluk Se\u00e7enekleri<\/li>\n<li>10 Bar Maksimum \u00c7al\u0131\u015fma Bas\u0131nc\u0131<\/li>\n<li>Kompact Ba\u011flant\u0131 ile T\u00fcm Tesisatlara Kolay Montaj<\/li>\n<li>EN 442 Standartlar\u0131na Uygun \u00dcretim<\/li>\n<\/ul>\n","protected":false},"featured_media":16348,"comment_status":"open","ping_status":"closed","template":"","meta":[],"pwb-brand":[],"product_brand":[],"product_cat":[2306],"product_tag":[2310],"class_list":{"0":"post-16347","1":"product","2":"type-product","3":"status-publish","4":"has-post-thumbnail","6":"product_cat-radyatorler","7":"product_tag-baymak-aluminyum-panel-radyator","9":"first","10":"instock","11":"shipping-taxable","12":"product-type-simple"},"brands":[],"_links":{"self":[{"href":"https:\/\/hamsayapi.com\/index.php\/wp-json\/wp\/v2\/product\/16347","targetHints":{"allow":["GET"]}}],"collection":[{"href":"https:\/\/hamsayapi.com\/index.php\/wp-json\/wp\/v2\/product"}],"about":[{"href":"https:\/\/hamsayapi.com\/index.php\/wp-json\/wp\/v2\/types\/product"}],"replies":[{"embeddable":true,"href":"https:\/\/hamsayapi.com\/index.php\/wp-json\/wp\/v2\/comments?post=16347"}],"version-history":[{"count":2,"href":"https:\/\/hamsayapi.com\/index.php\/wp-json\/wp\/v2\/product\/16347\/revisions"}],"predecessor-version":[{"id":19562,"href":"https:\/\/hamsayapi.com\/index.php\/wp-json\/wp\/v2\/product\/16347\/revisions\/19562"}],"wp:featuredmedia":[{"embeddable":true,"href":"https:\/\/hamsayapi.com\/index.php\/wp-json\/wp\/v2\/media\/16348"}],"wp:attachment":[{"href":"https:\/\/hamsayapi.com\/index.php\/wp-json\/wp\/v2\/media?parent=16347"}],"wp:term":[{"taxonomy":"pwb-brand","embeddable":true,"href":"https:\/\/hamsayapi.com\/index.php\/wp-json\/wp\/v2\/pwb-brand?post=16347"},{"taxonomy":"product_brand","embeddable":true,"href":"https:\/\/hamsayapi.com\/index.php\/wp-json\/wp\/v2\/product_brand?post=16347"},{"taxonomy":"product_cat","embeddable":true,"href":"https:\/\/hamsayapi.com\/index.php\/wp-json\/wp\/v2\/product_cat?post=16347"},{"taxonomy":"product_tag","embeddable":true,"href":"https:\/\/hamsayapi.com\/index.php\/wp-json\/wp\/v2\/product_tag?post=16347"}],"curies":[{"name":"wp","href":"https:\/\/api.w.org\/{rel}","templated":true}]}}