{"id":16333,"date":"2024-05-12T22:57:22","date_gmt":"2024-05-12T19:57:22","guid":{"rendered":"https:\/\/hamsayapi.com\/?post_type=product&#038;p=16333"},"modified":"2024-07-26T23:46:59","modified_gmt":"2024-07-26T20:46:59","slug":"baymak-star-panel-radyator","status":"publish","type":"product","link":"https:\/\/hamsayapi.com\/index.php\/urun\/baymak-star-panel-radyator\/","title":{"rendered":"Baymak Star Panel Radyat\u00f6r"},"content":{"rendered":"","protected":false},"excerpt":{"rendered":"<ul>\n<li>10 Y\u0131l Garanti<\/li>\n<li>5 Farkl\u0131 Tipte (10-P, 11-PK, 21-PKP, 22-PKKP, 33-DKEK)<\/li>\n<li>Star Panel Radyat\u00f6rler 5 Farkl\u0131 Y\u00fckseklikte (300-400-500-600-900mm)<\/li>\n<li>400mm\u2019den 3000mm\u2019ye Kadar 27 Farkl\u0131 Uzunluk Se\u00e7enekleri<\/li>\n<li>13 Bar Test Bas\u0131nc\u0131<\/li>\n<li>10 Bar Maksimum \u00c7al\u0131\u015fma Bas\u0131nc\u0131<\/li>\n<li>110\u02daC Maksimum \u00c7al\u0131\u015fma S\u0131cakl\u0131\u011f\u0131<\/li>\n<li>TS EN 442 Standartlar\u0131na Uygun \u00dcretim<\/li>\n<\/ul>\n","protected":false},"featured_media":16336,"comment_status":"open","ping_status":"closed","template":"","meta":[],"pwb-brand":[],"product_brand":[],"product_cat":[2306],"product_tag":[2307],"class_list":{"0":"post-16333","1":"product","2":"type-product","3":"status-publish","4":"has-post-thumbnail","6":"product_cat-radyatorler","7":"product_tag-baymak-star-panel-radyator","9":"first","10":"instock","11":"shipping-taxable","12":"product-type-simple"},"brands":[],"_links":{"self":[{"href":"https:\/\/hamsayapi.com\/index.php\/wp-json\/wp\/v2\/product\/16333","targetHints":{"allow":["GET"]}}],"collection":[{"href":"https:\/\/hamsayapi.com\/index.php\/wp-json\/wp\/v2\/product"}],"about":[{"href":"https:\/\/hamsayapi.com\/index.php\/wp-json\/wp\/v2\/types\/product"}],"replies":[{"embeddable":true,"href":"https:\/\/hamsayapi.com\/index.php\/wp-json\/wp\/v2\/comments?post=16333"}],"version-history":[{"count":2,"href":"https:\/\/hamsayapi.com\/index.php\/wp-json\/wp\/v2\/product\/16333\/revisions"}],"predecessor-version":[{"id":19561,"href":"https:\/\/hamsayapi.com\/index.php\/wp-json\/wp\/v2\/product\/16333\/revisions\/19561"}],"wp:featuredmedia":[{"embeddable":true,"href":"https:\/\/hamsayapi.com\/index.php\/wp-json\/wp\/v2\/media\/16336"}],"wp:attachment":[{"href":"https:\/\/hamsayapi.com\/index.php\/wp-json\/wp\/v2\/media?parent=16333"}],"wp:term":[{"taxonomy":"pwb-brand","embeddable":true,"href":"https:\/\/hamsayapi.com\/index.php\/wp-json\/wp\/v2\/pwb-brand?post=16333"},{"taxonomy":"product_brand","embeddable":true,"href":"https:\/\/hamsayapi.com\/index.php\/wp-json\/wp\/v2\/product_brand?post=16333"},{"taxonomy":"product_cat","embeddable":true,"href":"https:\/\/hamsayapi.com\/index.php\/wp-json\/wp\/v2\/product_cat?post=16333"},{"taxonomy":"product_tag","embeddable":true,"href":"https:\/\/hamsayapi.com\/index.php\/wp-json\/wp\/v2\/product_tag?post=16333"}],"curies":[{"name":"wp","href":"https:\/\/api.w.org\/{rel}","templated":true}]}}