{"id":16296,"date":"2024-05-12T22:47:44","date_gmt":"2024-05-12T19:47:44","guid":{"rendered":"https:\/\/hamsayapi.com\/?post_type=product&#038;p=16296"},"modified":"2024-05-12T22:47:44","modified_gmt":"2024-05-12T19:47:44","slug":"baymak-duotec-dhw-tam-yogusmali-kombi","status":"publish","type":"product","link":"https:\/\/hamsayapi.com\/index.php\/urun\/baymak-duotec-dhw-tam-yogusmali-kombi\/","title":{"rendered":"Baymak Duotec DHW Tam Yo\u011fu\u015fmal\u0131 Kombi"},"content":{"rendered":"","protected":false},"excerpt":{"rendered":"<ul>\n<li>A S\u0131n\u0131f\u0131 Enerji Verimlili\u011fi<\/li>\n<li>Premix Tam Yo\u011fu\u015fma Teknolojisi ile Y\u00fcksek Tasarruf<\/li>\n<li>Harici Boyler \u00c7\u0131k\u0131\u015f\u0131 i\u00e7in Ba\u011flant\u0131 \u00d6zelli\u011fi (Boyler Sens\u00f6r\u00fc Dahil)<\/li>\n<li>Y\u00fcksek S\u0131cak Su Talepleri i\u00e7in E\u015fsiz \u00c7\u00f6z\u00fcm<\/li>\n<li>42 kW Is\u0131tma Kapasitesi<\/li>\n<\/ul>\n","protected":false},"featured_media":16298,"comment_status":"open","ping_status":"closed","template":"","meta":[],"pwb-brand":[],"product_brand":[],"product_cat":[2294],"product_tag":[2298],"class_list":{"0":"post-16296","1":"product","2":"type-product","3":"status-publish","4":"has-post-thumbnail","6":"product_cat-kombi","7":"product_tag-baymak-duotec-dhw-tam-yogusmali-kombi","9":"first","10":"instock","11":"shipping-taxable","12":"product-type-simple"},"brands":[],"_links":{"self":[{"href":"https:\/\/hamsayapi.com\/index.php\/wp-json\/wp\/v2\/product\/16296","targetHints":{"allow":["GET"]}}],"collection":[{"href":"https:\/\/hamsayapi.com\/index.php\/wp-json\/wp\/v2\/product"}],"about":[{"href":"https:\/\/hamsayapi.com\/index.php\/wp-json\/wp\/v2\/types\/product"}],"replies":[{"embeddable":true,"href":"https:\/\/hamsayapi.com\/index.php\/wp-json\/wp\/v2\/comments?post=16296"}],"version-history":[{"count":1,"href":"https:\/\/hamsayapi.com\/index.php\/wp-json\/wp\/v2\/product\/16296\/revisions"}],"predecessor-version":[{"id":16300,"href":"https:\/\/hamsayapi.com\/index.php\/wp-json\/wp\/v2\/product\/16296\/revisions\/16300"}],"wp:featuredmedia":[{"embeddable":true,"href":"https:\/\/hamsayapi.com\/index.php\/wp-json\/wp\/v2\/media\/16298"}],"wp:attachment":[{"href":"https:\/\/hamsayapi.com\/index.php\/wp-json\/wp\/v2\/media?parent=16296"}],"wp:term":[{"taxonomy":"pwb-brand","embeddable":true,"href":"https:\/\/hamsayapi.com\/index.php\/wp-json\/wp\/v2\/pwb-brand?post=16296"},{"taxonomy":"product_brand","embeddable":true,"href":"https:\/\/hamsayapi.com\/index.php\/wp-json\/wp\/v2\/product_brand?post=16296"},{"taxonomy":"product_cat","embeddable":true,"href":"https:\/\/hamsayapi.com\/index.php\/wp-json\/wp\/v2\/product_cat?post=16296"},{"taxonomy":"product_tag","embeddable":true,"href":"https:\/\/hamsayapi.com\/index.php\/wp-json\/wp\/v2\/product_tag?post=16296"}],"curies":[{"name":"wp","href":"https:\/\/api.w.org\/{rel}","templated":true}]}}