{"id":16290,"date":"2024-05-12T22:46:26","date_gmt":"2024-05-12T19:46:26","guid":{"rendered":"https:\/\/hamsayapi.com\/?post_type=product&#038;p=16290"},"modified":"2024-05-12T22:46:26","modified_gmt":"2024-05-12T19:46:26","slug":"baymak-duotec-tam-yogusmali-kombi","status":"publish","type":"product","link":"https:\/\/hamsayapi.com\/index.php\/urun\/baymak-duotec-tam-yogusmali-kombi\/","title":{"rendered":"Baymak Duotec Tam Yo\u011fu\u015fmal\u0131 Kombi"},"content":{"rendered":"","protected":false},"excerpt":{"rendered":"<ul>\n<li>A S\u0131n\u0131f\u0131 Enerji Verimlili\u011fi<\/li>\n<li>Premix Yanma Teknolojisiyle Y\u00fcksek Tasarruf<\/li>\n<li>Cold Burner Door Teknolojisiyle D\u00fc\u015f\u00fck Yak\u0131t Sarfiyat\u0131<\/li>\n<li>Yeni Nesil Pompas\u0131yla D\u00fc\u015f\u00fck Elektrik Sarfiyat\u0131<\/li>\n<\/ul>\n","protected":false},"featured_media":16292,"comment_status":"open","ping_status":"closed","template":"","meta":[],"pwb-brand":[],"product_brand":[],"product_cat":[2294],"product_tag":[2297],"class_list":{"0":"post-16290","1":"product","2":"type-product","3":"status-publish","4":"has-post-thumbnail","6":"product_cat-kombi","7":"product_tag-baymak-duotec-tam-yogusmali-kombi","9":"first","10":"instock","11":"shipping-taxable","12":"product-type-simple"},"brands":[],"_links":{"self":[{"href":"https:\/\/hamsayapi.com\/index.php\/wp-json\/wp\/v2\/product\/16290","targetHints":{"allow":["GET"]}}],"collection":[{"href":"https:\/\/hamsayapi.com\/index.php\/wp-json\/wp\/v2\/product"}],"about":[{"href":"https:\/\/hamsayapi.com\/index.php\/wp-json\/wp\/v2\/types\/product"}],"replies":[{"embeddable":true,"href":"https:\/\/hamsayapi.com\/index.php\/wp-json\/wp\/v2\/comments?post=16290"}],"version-history":[{"count":2,"href":"https:\/\/hamsayapi.com\/index.php\/wp-json\/wp\/v2\/product\/16290\/revisions"}],"predecessor-version":[{"id":16295,"href":"https:\/\/hamsayapi.com\/index.php\/wp-json\/wp\/v2\/product\/16290\/revisions\/16295"}],"wp:featuredmedia":[{"embeddable":true,"href":"https:\/\/hamsayapi.com\/index.php\/wp-json\/wp\/v2\/media\/16292"}],"wp:attachment":[{"href":"https:\/\/hamsayapi.com\/index.php\/wp-json\/wp\/v2\/media?parent=16290"}],"wp:term":[{"taxonomy":"pwb-brand","embeddable":true,"href":"https:\/\/hamsayapi.com\/index.php\/wp-json\/wp\/v2\/pwb-brand?post=16290"},{"taxonomy":"product_brand","embeddable":true,"href":"https:\/\/hamsayapi.com\/index.php\/wp-json\/wp\/v2\/product_brand?post=16290"},{"taxonomy":"product_cat","embeddable":true,"href":"https:\/\/hamsayapi.com\/index.php\/wp-json\/wp\/v2\/product_cat?post=16290"},{"taxonomy":"product_tag","embeddable":true,"href":"https:\/\/hamsayapi.com\/index.php\/wp-json\/wp\/v2\/product_tag?post=16290"}],"curies":[{"name":"wp","href":"https:\/\/api.w.org\/{rel}","templated":true}]}}