{"id":16276,"date":"2024-05-12T22:33:24","date_gmt":"2024-05-12T19:33:24","guid":{"rendered":"https:\/\/hamsayapi.com\/?post_type=product&#038;p=16276"},"modified":"2024-05-12T22:43:18","modified_gmt":"2024-05-12T19:43:18","slug":"baymak-lunatec-tam-yogusmali-kombi","status":"publish","type":"product","link":"https:\/\/hamsayapi.com\/index.php\/urun\/baymak-lunatec-tam-yogusmali-kombi\/","title":{"rendered":"Baymak Lunatec Tam Yo\u011fu\u015fmal\u0131 Kombi"},"content":{"rendered":"","protected":false},"excerpt":{"rendered":"<ul>\n<li>Yeni ve \u00dcst\u00fcn Avrupa Teknolojisi<\/li>\n<li>%20\u2019ye Kadar Hidrojen Kar\u0131\u015f\u0131m\u0131 ile \u00c7al\u0131\u015fmaya Uyumlu<\/li>\n<li>BDR Platformunun \u00d6zel Tasar\u0131ml\u0131 ve Kaliteli Komponent Kullan\u0131m\u0131<\/li>\n<li>ErP Enerji Verimlilik S\u0131n\u0131f\u0131 A<\/li>\n<li>\u00d6zel Tasar\u0131ml\u0131 Susturucu ve Y\u00fcksek Yo\u011funluklu \u0130zolasyon Sayesinde Daha D\u00fc\u015f\u00fck Ses Seviyesi<\/li>\n<li>Kompakt Boyutlar\u0131 Sayesinde Yerden Tasarruf ve Servis Kolayl\u0131\u011f\u0131<\/li>\n<li>Kolay Ayarlanabilir ve Kullan\u0131c\u0131 Dostu Kontrol Paneli<\/li>\n<li>Su \u00d6n Is\u0131tma \u00d6zelli\u011fi ile Y\u00fcksek S\u0131cak Su Konforu<\/li>\n<li>Tesisat Su Bas\u0131nc\u0131n\u0131 Dijital Ekran \u00dczerinden Hassas Okuyabilme \u00d6zelli\u011fi<\/li>\n<li>Paslanmaz Silindirik \u00c7elik Br\u00fcl\u00f6r ile Do\u011falgaz, Propan ve LPG\u2019ye Uygun Kullan\u0131m<\/li>\n<\/ul>\n","protected":false},"featured_media":16277,"comment_status":"open","ping_status":"closed","template":"","meta":[],"pwb-brand":[],"product_brand":[],"product_cat":[2294],"product_tag":[2295],"class_list":{"0":"post-16276","1":"product","2":"type-product","3":"status-publish","4":"has-post-thumbnail","6":"product_cat-kombi","7":"product_tag-baymak-lunatec-tam-yogusmali-kombi","9":"first","10":"instock","11":"shipping-taxable","12":"product-type-simple"},"brands":[],"_links":{"self":[{"href":"https:\/\/hamsayapi.com\/index.php\/wp-json\/wp\/v2\/product\/16276","targetHints":{"allow":["GET"]}}],"collection":[{"href":"https:\/\/hamsayapi.com\/index.php\/wp-json\/wp\/v2\/product"}],"about":[{"href":"https:\/\/hamsayapi.com\/index.php\/wp-json\/wp\/v2\/types\/product"}],"replies":[{"embeddable":true,"href":"https:\/\/hamsayapi.com\/index.php\/wp-json\/wp\/v2\/comments?post=16276"}],"version-history":[{"count":3,"href":"https:\/\/hamsayapi.com\/index.php\/wp-json\/wp\/v2\/product\/16276\/revisions"}],"predecessor-version":[{"id":16283,"href":"https:\/\/hamsayapi.com\/index.php\/wp-json\/wp\/v2\/product\/16276\/revisions\/16283"}],"wp:featuredmedia":[{"embeddable":true,"href":"https:\/\/hamsayapi.com\/index.php\/wp-json\/wp\/v2\/media\/16277"}],"wp:attachment":[{"href":"https:\/\/hamsayapi.com\/index.php\/wp-json\/wp\/v2\/media?parent=16276"}],"wp:term":[{"taxonomy":"pwb-brand","embeddable":true,"href":"https:\/\/hamsayapi.com\/index.php\/wp-json\/wp\/v2\/pwb-brand?post=16276"},{"taxonomy":"product_brand","embeddable":true,"href":"https:\/\/hamsayapi.com\/index.php\/wp-json\/wp\/v2\/product_brand?post=16276"},{"taxonomy":"product_cat","embeddable":true,"href":"https:\/\/hamsayapi.com\/index.php\/wp-json\/wp\/v2\/product_cat?post=16276"},{"taxonomy":"product_tag","embeddable":true,"href":"https:\/\/hamsayapi.com\/index.php\/wp-json\/wp\/v2\/product_tag?post=16276"}],"curies":[{"name":"wp","href":"https:\/\/api.w.org\/{rel}","templated":true}]}}