{"id":16190,"date":"2024-05-04T19:27:11","date_gmt":"2024-05-04T16:27:11","guid":{"rendered":"https:\/\/hamsayapi.com\/?post_type=product&#038;p=16190"},"modified":"2024-05-04T19:27:12","modified_gmt":"2024-05-04T16:27:12","slug":"teknobond-970-soguk-uygulamali-yol-cizgi-boyasi","status":"publish","type":"product","link":"https:\/\/hamsayapi.com\/index.php\/urun\/teknobond-970-soguk-uygulamali-yol-cizgi-boyasi\/","title":{"rendered":"Teknobond 970 So\u011fuk Uygulamal\u0131 Yol \u00c7izgi Boyas\u0131"},"content":{"rendered":"","protected":false},"excerpt":{"rendered":"","protected":false},"featured_media":16191,"comment_status":"open","ping_status":"closed","template":"","meta":[],"pwb-brand":[],"product_brand":[],"product_cat":[2221,2050],"product_tag":[2265],"class_list":{"0":"post-16190","1":"product","2":"type-product","3":"status-publish","4":"has-post-thumbnail","6":"product_cat-endustriyel-zemin-urunleri","7":"product_cat-yapi-kimyasallari","8":"product_tag-teknobond-970-soguk-uygulamali-yol-cizgi-boyasi","10":"first","11":"instock","12":"shipping-taxable","13":"product-type-simple"},"brands":[],"_links":{"self":[{"href":"https:\/\/hamsayapi.com\/index.php\/wp-json\/wp\/v2\/product\/16190","targetHints":{"allow":["GET"]}}],"collection":[{"href":"https:\/\/hamsayapi.com\/index.php\/wp-json\/wp\/v2\/product"}],"about":[{"href":"https:\/\/hamsayapi.com\/index.php\/wp-json\/wp\/v2\/types\/product"}],"replies":[{"embeddable":true,"href":"https:\/\/hamsayapi.com\/index.php\/wp-json\/wp\/v2\/comments?post=16190"}],"version-history":[{"count":1,"href":"https:\/\/hamsayapi.com\/index.php\/wp-json\/wp\/v2\/product\/16190\/revisions"}],"predecessor-version":[{"id":16192,"href":"https:\/\/hamsayapi.com\/index.php\/wp-json\/wp\/v2\/product\/16190\/revisions\/16192"}],"wp:featuredmedia":[{"embeddable":true,"href":"https:\/\/hamsayapi.com\/index.php\/wp-json\/wp\/v2\/media\/16191"}],"wp:attachment":[{"href":"https:\/\/hamsayapi.com\/index.php\/wp-json\/wp\/v2\/media?parent=16190"}],"wp:term":[{"taxonomy":"pwb-brand","embeddable":true,"href":"https:\/\/hamsayapi.com\/index.php\/wp-json\/wp\/v2\/pwb-brand?post=16190"},{"taxonomy":"product_brand","embeddable":true,"href":"https:\/\/hamsayapi.com\/index.php\/wp-json\/wp\/v2\/product_brand?post=16190"},{"taxonomy":"product_cat","embeddable":true,"href":"https:\/\/hamsayapi.com\/index.php\/wp-json\/wp\/v2\/product_cat?post=16190"},{"taxonomy":"product_tag","embeddable":true,"href":"https:\/\/hamsayapi.com\/index.php\/wp-json\/wp\/v2\/product_tag?post=16190"}],"curies":[{"name":"wp","href":"https:\/\/api.w.org\/{rel}","templated":true}]}}