{"id":16139,"date":"2024-05-04T19:12:58","date_gmt":"2024-05-04T16:12:58","guid":{"rendered":"https:\/\/hamsayapi.com\/?post_type=product&#038;p=16139"},"modified":"2024-05-04T19:12:58","modified_gmt":"2024-05-04T16:12:58","slug":"teknokur-405-emulsiye-parafin-esasli-ekonomik-beton-kur","status":"publish","type":"product","link":"https:\/\/hamsayapi.com\/index.php\/urun\/teknokur-405-emulsiye-parafin-esasli-ekonomik-beton-kur\/","title":{"rendered":"Teknok\u00fcr 405 Em\u00fclsiye Parafin Esasl\u0131, Ekonomik, Beton K\u00fcr"},"content":{"rendered":"","protected":false},"excerpt":{"rendered":"","protected":false},"featured_media":16140,"comment_status":"open","ping_status":"closed","template":"","meta":[],"pwb-brand":[],"product_brand":[],"product_cat":[2221,2050],"product_tag":[2245],"class_list":{"0":"post-16139","1":"product","2":"type-product","3":"status-publish","4":"has-post-thumbnail","6":"product_cat-endustriyel-zemin-urunleri","7":"product_cat-yapi-kimyasallari","8":"product_tag-teknokur-405-emulsiye-parafin-esasli","10":"first","11":"instock","12":"shipping-taxable","13":"product-type-simple"},"brands":[],"_links":{"self":[{"href":"https:\/\/hamsayapi.com\/index.php\/wp-json\/wp\/v2\/product\/16139","targetHints":{"allow":["GET"]}}],"collection":[{"href":"https:\/\/hamsayapi.com\/index.php\/wp-json\/wp\/v2\/product"}],"about":[{"href":"https:\/\/hamsayapi.com\/index.php\/wp-json\/wp\/v2\/types\/product"}],"replies":[{"embeddable":true,"href":"https:\/\/hamsayapi.com\/index.php\/wp-json\/wp\/v2\/comments?post=16139"}],"version-history":[{"count":2,"href":"https:\/\/hamsayapi.com\/index.php\/wp-json\/wp\/v2\/product\/16139\/revisions"}],"predecessor-version":[{"id":16142,"href":"https:\/\/hamsayapi.com\/index.php\/wp-json\/wp\/v2\/product\/16139\/revisions\/16142"}],"wp:featuredmedia":[{"embeddable":true,"href":"https:\/\/hamsayapi.com\/index.php\/wp-json\/wp\/v2\/media\/16140"}],"wp:attachment":[{"href":"https:\/\/hamsayapi.com\/index.php\/wp-json\/wp\/v2\/media?parent=16139"}],"wp:term":[{"taxonomy":"pwb-brand","embeddable":true,"href":"https:\/\/hamsayapi.com\/index.php\/wp-json\/wp\/v2\/pwb-brand?post=16139"},{"taxonomy":"product_brand","embeddable":true,"href":"https:\/\/hamsayapi.com\/index.php\/wp-json\/wp\/v2\/product_brand?post=16139"},{"taxonomy":"product_cat","embeddable":true,"href":"https:\/\/hamsayapi.com\/index.php\/wp-json\/wp\/v2\/product_cat?post=16139"},{"taxonomy":"product_tag","embeddable":true,"href":"https:\/\/hamsayapi.com\/index.php\/wp-json\/wp\/v2\/product_tag?post=16139"}],"curies":[{"name":"wp","href":"https:\/\/api.w.org\/{rel}","templated":true}]}}