{"id":16130,"date":"2024-05-04T19:11:25","date_gmt":"2024-05-04T16:11:25","guid":{"rendered":"https:\/\/hamsayapi.com\/?post_type=product&#038;p=16130"},"modified":"2024-05-04T19:11:25","modified_gmt":"2024-05-04T16:11:25","slug":"teknokur-105-akrilik-emulsiyon-esasli-beton-kur-malzemesi","status":"publish","type":"product","link":"https:\/\/hamsayapi.com\/index.php\/urun\/teknokur-105-akrilik-emulsiyon-esasli-beton-kur-malzemesi\/","title":{"rendered":"Teknok\u00fcr 105 Akrilik Em\u00fclsiyon Esasl\u0131 Beton K\u00fcr Malzemesi"},"content":{"rendered":"","protected":false},"excerpt":{"rendered":"","protected":false},"featured_media":16132,"comment_status":"open","ping_status":"closed","template":"","meta":[],"pwb-brand":[],"product_brand":[],"product_cat":[2221,2050],"product_tag":[2243],"class_list":{"0":"post-16130","1":"product","2":"type-product","3":"status-publish","4":"has-post-thumbnail","6":"product_cat-endustriyel-zemin-urunleri","7":"product_cat-yapi-kimyasallari","8":"product_tag-teknokur-105-akrilik-emulsiyon-esasli-beton-kur-malzemesi","10":"first","11":"instock","12":"shipping-taxable","13":"product-type-simple"},"brands":[],"_links":{"self":[{"href":"https:\/\/hamsayapi.com\/index.php\/wp-json\/wp\/v2\/product\/16130","targetHints":{"allow":["GET"]}}],"collection":[{"href":"https:\/\/hamsayapi.com\/index.php\/wp-json\/wp\/v2\/product"}],"about":[{"href":"https:\/\/hamsayapi.com\/index.php\/wp-json\/wp\/v2\/types\/product"}],"replies":[{"embeddable":true,"href":"https:\/\/hamsayapi.com\/index.php\/wp-json\/wp\/v2\/comments?post=16130"}],"version-history":[{"count":2,"href":"https:\/\/hamsayapi.com\/index.php\/wp-json\/wp\/v2\/product\/16130\/revisions"}],"predecessor-version":[{"id":16134,"href":"https:\/\/hamsayapi.com\/index.php\/wp-json\/wp\/v2\/product\/16130\/revisions\/16134"}],"wp:featuredmedia":[{"embeddable":true,"href":"https:\/\/hamsayapi.com\/index.php\/wp-json\/wp\/v2\/media\/16132"}],"wp:attachment":[{"href":"https:\/\/hamsayapi.com\/index.php\/wp-json\/wp\/v2\/media?parent=16130"}],"wp:term":[{"taxonomy":"pwb-brand","embeddable":true,"href":"https:\/\/hamsayapi.com\/index.php\/wp-json\/wp\/v2\/pwb-brand?post=16130"},{"taxonomy":"product_brand","embeddable":true,"href":"https:\/\/hamsayapi.com\/index.php\/wp-json\/wp\/v2\/product_brand?post=16130"},{"taxonomy":"product_cat","embeddable":true,"href":"https:\/\/hamsayapi.com\/index.php\/wp-json\/wp\/v2\/product_cat?post=16130"},{"taxonomy":"product_tag","embeddable":true,"href":"https:\/\/hamsayapi.com\/index.php\/wp-json\/wp\/v2\/product_tag?post=16130"}],"curies":[{"name":"wp","href":"https:\/\/api.w.org\/{rel}","templated":true}]}}