{"id":15990,"date":"2024-05-04T17:54:17","date_gmt":"2024-05-04T14:54:17","guid":{"rendered":"https:\/\/hamsayapi.com\/?post_type=product&#038;p=15990"},"modified":"2024-05-04T17:54:18","modified_gmt":"2024-05-04T14:54:18","slug":"teknorep-520-dogal-hidrolik-kirec-esasli-tamir-harci","status":"publish","type":"product","link":"https:\/\/hamsayapi.com\/index.php\/urun\/teknorep-520-dogal-hidrolik-kirec-esasli-tamir-harci\/","title":{"rendered":"Teknorep 520 Do\u011fal Hidrolik Kire\u00e7 Esasl\u0131 Tamir Harc\u0131"},"content":{"rendered":"","protected":false},"excerpt":{"rendered":"","protected":false},"featured_media":15991,"comment_status":"open","ping_status":"closed","template":"","meta":[],"pwb-brand":[],"product_brand":[],"product_cat":[2050,2195],"product_tag":[2200],"class_list":{"0":"post-15990","1":"product","2":"type-product","3":"status-publish","4":"has-post-thumbnail","6":"product_cat-yapi-kimyasallari","7":"product_cat-yapisal-guclendirme-urunleri","8":"product_tag-teknorep-520-dogal-hidrolik-kirec-esasli-tamir-harci","10":"first","11":"instock","12":"shipping-taxable","13":"product-type-simple"},"brands":[],"_links":{"self":[{"href":"https:\/\/hamsayapi.com\/index.php\/wp-json\/wp\/v2\/product\/15990","targetHints":{"allow":["GET"]}}],"collection":[{"href":"https:\/\/hamsayapi.com\/index.php\/wp-json\/wp\/v2\/product"}],"about":[{"href":"https:\/\/hamsayapi.com\/index.php\/wp-json\/wp\/v2\/types\/product"}],"replies":[{"embeddable":true,"href":"https:\/\/hamsayapi.com\/index.php\/wp-json\/wp\/v2\/comments?post=15990"}],"version-history":[{"count":2,"href":"https:\/\/hamsayapi.com\/index.php\/wp-json\/wp\/v2\/product\/15990\/revisions"}],"predecessor-version":[{"id":15993,"href":"https:\/\/hamsayapi.com\/index.php\/wp-json\/wp\/v2\/product\/15990\/revisions\/15993"}],"wp:featuredmedia":[{"embeddable":true,"href":"https:\/\/hamsayapi.com\/index.php\/wp-json\/wp\/v2\/media\/15991"}],"wp:attachment":[{"href":"https:\/\/hamsayapi.com\/index.php\/wp-json\/wp\/v2\/media?parent=15990"}],"wp:term":[{"taxonomy":"pwb-brand","embeddable":true,"href":"https:\/\/hamsayapi.com\/index.php\/wp-json\/wp\/v2\/pwb-brand?post=15990"},{"taxonomy":"product_brand","embeddable":true,"href":"https:\/\/hamsayapi.com\/index.php\/wp-json\/wp\/v2\/product_brand?post=15990"},{"taxonomy":"product_cat","embeddable":true,"href":"https:\/\/hamsayapi.com\/index.php\/wp-json\/wp\/v2\/product_cat?post=15990"},{"taxonomy":"product_tag","embeddable":true,"href":"https:\/\/hamsayapi.com\/index.php\/wp-json\/wp\/v2\/product_tag?post=15990"}],"curies":[{"name":"wp","href":"https:\/\/api.w.org\/{rel}","templated":true}]}}