{"id":15987,"date":"2024-05-04T17:52:56","date_gmt":"2024-05-04T14:52:56","guid":{"rendered":"https:\/\/hamsayapi.com\/?post_type=product&#038;p=15987"},"modified":"2024-05-04T17:52:57","modified_gmt":"2024-05-04T14:52:57","slug":"teknorep-510-dogal-hidrolik-kirec-esasli-siva","status":"publish","type":"product","link":"https:\/\/hamsayapi.com\/index.php\/urun\/teknorep-510-dogal-hidrolik-kirec-esasli-siva\/","title":{"rendered":"Teknorep 510 Do\u011fal Hidrolik Kire\u00e7 Esasl\u0131 S\u0131va"},"content":{"rendered":"","protected":false},"excerpt":{"rendered":"","protected":false},"featured_media":15988,"comment_status":"open","ping_status":"closed","template":"","meta":[],"pwb-brand":[],"product_brand":[],"product_cat":[2050,2195],"product_tag":[2199],"class_list":{"0":"post-15987","1":"product","2":"type-product","3":"status-publish","4":"has-post-thumbnail","6":"product_cat-yapi-kimyasallari","7":"product_cat-yapisal-guclendirme-urunleri","8":"product_tag-teknorep-510-dogal-hidrolik-kirec-esasli-siva","10":"first","11":"instock","12":"shipping-taxable","13":"product-type-simple"},"brands":[],"_links":{"self":[{"href":"https:\/\/hamsayapi.com\/index.php\/wp-json\/wp\/v2\/product\/15987","targetHints":{"allow":["GET"]}}],"collection":[{"href":"https:\/\/hamsayapi.com\/index.php\/wp-json\/wp\/v2\/product"}],"about":[{"href":"https:\/\/hamsayapi.com\/index.php\/wp-json\/wp\/v2\/types\/product"}],"replies":[{"embeddable":true,"href":"https:\/\/hamsayapi.com\/index.php\/wp-json\/wp\/v2\/comments?post=15987"}],"version-history":[{"count":1,"href":"https:\/\/hamsayapi.com\/index.php\/wp-json\/wp\/v2\/product\/15987\/revisions"}],"predecessor-version":[{"id":15989,"href":"https:\/\/hamsayapi.com\/index.php\/wp-json\/wp\/v2\/product\/15987\/revisions\/15989"}],"wp:featuredmedia":[{"embeddable":true,"href":"https:\/\/hamsayapi.com\/index.php\/wp-json\/wp\/v2\/media\/15988"}],"wp:attachment":[{"href":"https:\/\/hamsayapi.com\/index.php\/wp-json\/wp\/v2\/media?parent=15987"}],"wp:term":[{"taxonomy":"pwb-brand","embeddable":true,"href":"https:\/\/hamsayapi.com\/index.php\/wp-json\/wp\/v2\/pwb-brand?post=15987"},{"taxonomy":"product_brand","embeddable":true,"href":"https:\/\/hamsayapi.com\/index.php\/wp-json\/wp\/v2\/product_brand?post=15987"},{"taxonomy":"product_cat","embeddable":true,"href":"https:\/\/hamsayapi.com\/index.php\/wp-json\/wp\/v2\/product_cat?post=15987"},{"taxonomy":"product_tag","embeddable":true,"href":"https:\/\/hamsayapi.com\/index.php\/wp-json\/wp\/v2\/product_tag?post=15987"}],"curies":[{"name":"wp","href":"https:\/\/api.w.org\/{rel}","templated":true}]}}