{"id":15940,"date":"2024-05-03T23:26:17","date_gmt":"2024-05-03T20:26:17","guid":{"rendered":"https:\/\/hamsayapi.com\/?post_type=product&#038;p=15940"},"modified":"2024-05-03T23:26:17","modified_gmt":"2024-05-03T20:26:17","slug":"teknofiber-cam-beton-ve-harclar-icin-cam-elyaf","status":"publish","type":"product","link":"https:\/\/hamsayapi.com\/index.php\/urun\/teknofiber-cam-beton-ve-harclar-icin-cam-elyaf\/","title":{"rendered":"Teknofiber Cam Beton ve Har\u00e7lar \u0130\u00e7in Cam Elyaf"},"content":{"rendered":"","protected":false},"excerpt":{"rendered":"","protected":false},"featured_media":15941,"comment_status":"open","ping_status":"closed","template":"","meta":[],"pwb-brand":[],"product_brand":[],"product_cat":[2170,2050],"product_tag":[2183],"class_list":{"0":"post-15940","1":"product","2":"type-product","3":"status-publish","4":"has-post-thumbnail","6":"product_cat-beton-katki-urunleri","7":"product_cat-yapi-kimyasallari","8":"product_tag-teknofiber-cam-beton-ve-harclar-icin-cam-elyaf","10":"first","11":"instock","12":"shipping-taxable","13":"product-type-simple"},"brands":[],"_links":{"self":[{"href":"https:\/\/hamsayapi.com\/index.php\/wp-json\/wp\/v2\/product\/15940","targetHints":{"allow":["GET"]}}],"collection":[{"href":"https:\/\/hamsayapi.com\/index.php\/wp-json\/wp\/v2\/product"}],"about":[{"href":"https:\/\/hamsayapi.com\/index.php\/wp-json\/wp\/v2\/types\/product"}],"replies":[{"embeddable":true,"href":"https:\/\/hamsayapi.com\/index.php\/wp-json\/wp\/v2\/comments?post=15940"}],"version-history":[{"count":1,"href":"https:\/\/hamsayapi.com\/index.php\/wp-json\/wp\/v2\/product\/15940\/revisions"}],"predecessor-version":[{"id":15942,"href":"https:\/\/hamsayapi.com\/index.php\/wp-json\/wp\/v2\/product\/15940\/revisions\/15942"}],"wp:featuredmedia":[{"embeddable":true,"href":"https:\/\/hamsayapi.com\/index.php\/wp-json\/wp\/v2\/media\/15941"}],"wp:attachment":[{"href":"https:\/\/hamsayapi.com\/index.php\/wp-json\/wp\/v2\/media?parent=15940"}],"wp:term":[{"taxonomy":"pwb-brand","embeddable":true,"href":"https:\/\/hamsayapi.com\/index.php\/wp-json\/wp\/v2\/pwb-brand?post=15940"},{"taxonomy":"product_brand","embeddable":true,"href":"https:\/\/hamsayapi.com\/index.php\/wp-json\/wp\/v2\/product_brand?post=15940"},{"taxonomy":"product_cat","embeddable":true,"href":"https:\/\/hamsayapi.com\/index.php\/wp-json\/wp\/v2\/product_cat?post=15940"},{"taxonomy":"product_tag","embeddable":true,"href":"https:\/\/hamsayapi.com\/index.php\/wp-json\/wp\/v2\/product_tag?post=15940"}],"curies":[{"name":"wp","href":"https:\/\/api.w.org\/{rel}","templated":true}]}}