{"id":15919,"date":"2024-05-03T23:23:05","date_gmt":"2024-05-03T20:23:05","guid":{"rendered":"https:\/\/hamsayapi.com\/?post_type=product&#038;p=15919"},"modified":"2024-05-03T23:23:06","modified_gmt":"2024-05-03T20:23:06","slug":"teknolatex-500-aderans-ve-su-gecirimsizlik-katkisi","status":"publish","type":"product","link":"https:\/\/hamsayapi.com\/index.php\/urun\/teknolatex-500-aderans-ve-su-gecirimsizlik-katkisi\/","title":{"rendered":"Teknolatex 500 Aderans ve Su Ge\u00e7irimsizlik Katk\u0131s\u0131"},"content":{"rendered":"","protected":false},"excerpt":{"rendered":"","protected":false},"featured_media":15920,"comment_status":"open","ping_status":"closed","template":"","meta":[],"pwb-brand":[],"product_brand":[],"product_cat":[2170,2050],"product_tag":[2176],"class_list":{"0":"post-15919","1":"product","2":"type-product","3":"status-publish","4":"has-post-thumbnail","6":"product_cat-beton-katki-urunleri","7":"product_cat-yapi-kimyasallari","8":"product_tag-teknolatex-500-aderans-ve-su-gecirimsizlik-katkisi","10":"first","11":"instock","12":"shipping-taxable","13":"product-type-simple"},"brands":[],"_links":{"self":[{"href":"https:\/\/hamsayapi.com\/index.php\/wp-json\/wp\/v2\/product\/15919","targetHints":{"allow":["GET"]}}],"collection":[{"href":"https:\/\/hamsayapi.com\/index.php\/wp-json\/wp\/v2\/product"}],"about":[{"href":"https:\/\/hamsayapi.com\/index.php\/wp-json\/wp\/v2\/types\/product"}],"replies":[{"embeddable":true,"href":"https:\/\/hamsayapi.com\/index.php\/wp-json\/wp\/v2\/comments?post=15919"}],"version-history":[{"count":1,"href":"https:\/\/hamsayapi.com\/index.php\/wp-json\/wp\/v2\/product\/15919\/revisions"}],"predecessor-version":[{"id":15921,"href":"https:\/\/hamsayapi.com\/index.php\/wp-json\/wp\/v2\/product\/15919\/revisions\/15921"}],"wp:featuredmedia":[{"embeddable":true,"href":"https:\/\/hamsayapi.com\/index.php\/wp-json\/wp\/v2\/media\/15920"}],"wp:attachment":[{"href":"https:\/\/hamsayapi.com\/index.php\/wp-json\/wp\/v2\/media?parent=15919"}],"wp:term":[{"taxonomy":"pwb-brand","embeddable":true,"href":"https:\/\/hamsayapi.com\/index.php\/wp-json\/wp\/v2\/pwb-brand?post=15919"},{"taxonomy":"product_brand","embeddable":true,"href":"https:\/\/hamsayapi.com\/index.php\/wp-json\/wp\/v2\/product_brand?post=15919"},{"taxonomy":"product_cat","embeddable":true,"href":"https:\/\/hamsayapi.com\/index.php\/wp-json\/wp\/v2\/product_cat?post=15919"},{"taxonomy":"product_tag","embeddable":true,"href":"https:\/\/hamsayapi.com\/index.php\/wp-json\/wp\/v2\/product_tag?post=15919"}],"curies":[{"name":"wp","href":"https:\/\/api.w.org\/{rel}","templated":true}]}}