{"id":15901,"date":"2024-05-03T23:15:29","date_gmt":"2024-05-03T20:15:29","guid":{"rendered":"https:\/\/hamsayapi.com\/?post_type=product&#038;p=15901"},"modified":"2024-05-03T23:15:30","modified_gmt":"2024-05-03T20:15:30","slug":"teknoglass-seffaf-uv-dayanimli-su-yalitim","status":"publish","type":"product","link":"https:\/\/hamsayapi.com\/index.php\/urun\/teknoglass-seffaf-uv-dayanimli-su-yalitim\/","title":{"rendered":"Teknoglass \u015eeffaf, UV Dayan\u0131ml\u0131 Su Yal\u0131t\u0131m"},"content":{"rendered":"","protected":false},"excerpt":{"rendered":"","protected":false},"featured_media":15902,"comment_status":"open","ping_status":"closed","template":"","meta":[],"pwb-brand":[],"product_brand":[],"product_cat":[2122,2050],"product_tag":[2168,2167],"class_list":{"0":"post-15901","1":"product","2":"type-product","3":"status-publish","4":"has-post-thumbnail","6":"product_cat-su-yalitim-urunleri","7":"product_cat-yapi-kimyasallari","8":"product_tag-teknoglass-seffaf","9":"product_tag-uv-dayanimli-su-yalitim","11":"first","12":"instock","13":"shipping-taxable","14":"product-type-simple"},"brands":[],"_links":{"self":[{"href":"https:\/\/hamsayapi.com\/index.php\/wp-json\/wp\/v2\/product\/15901","targetHints":{"allow":["GET"]}}],"collection":[{"href":"https:\/\/hamsayapi.com\/index.php\/wp-json\/wp\/v2\/product"}],"about":[{"href":"https:\/\/hamsayapi.com\/index.php\/wp-json\/wp\/v2\/types\/product"}],"replies":[{"embeddable":true,"href":"https:\/\/hamsayapi.com\/index.php\/wp-json\/wp\/v2\/comments?post=15901"}],"version-history":[{"count":1,"href":"https:\/\/hamsayapi.com\/index.php\/wp-json\/wp\/v2\/product\/15901\/revisions"}],"predecessor-version":[{"id":15903,"href":"https:\/\/hamsayapi.com\/index.php\/wp-json\/wp\/v2\/product\/15901\/revisions\/15903"}],"wp:featuredmedia":[{"embeddable":true,"href":"https:\/\/hamsayapi.com\/index.php\/wp-json\/wp\/v2\/media\/15902"}],"wp:attachment":[{"href":"https:\/\/hamsayapi.com\/index.php\/wp-json\/wp\/v2\/media?parent=15901"}],"wp:term":[{"taxonomy":"pwb-brand","embeddable":true,"href":"https:\/\/hamsayapi.com\/index.php\/wp-json\/wp\/v2\/pwb-brand?post=15901"},{"taxonomy":"product_brand","embeddable":true,"href":"https:\/\/hamsayapi.com\/index.php\/wp-json\/wp\/v2\/product_brand?post=15901"},{"taxonomy":"product_cat","embeddable":true,"href":"https:\/\/hamsayapi.com\/index.php\/wp-json\/wp\/v2\/product_cat?post=15901"},{"taxonomy":"product_tag","embeddable":true,"href":"https:\/\/hamsayapi.com\/index.php\/wp-json\/wp\/v2\/product_tag?post=15901"}],"curies":[{"name":"wp","href":"https:\/\/api.w.org\/{rel}","templated":true}]}}