{"id":15809,"date":"2024-05-03T22:58:10","date_gmt":"2024-05-03T19:58:10","guid":{"rendered":"https:\/\/hamsayapi.com\/?post_type=product&#038;p=15809"},"modified":"2024-05-03T22:58:10","modified_gmt":"2024-05-03T19:58:10","slug":"teknomer-300-ex-akrilik-esasli-super-elastik-su-yalitim","status":"publish","type":"product","link":"https:\/\/hamsayapi.com\/index.php\/urun\/teknomer-300-ex-akrilik-esasli-super-elastik-su-yalitim\/","title":{"rendered":"Teknomer 300 Ex Akrilik Esasl\u0131, S\u00fcper Elastik Su Yal\u0131t\u0131m"},"content":{"rendered":"","protected":false},"excerpt":{"rendered":"","protected":false},"featured_media":15761,"comment_status":"open","ping_status":"closed","template":"","meta":[],"pwb-brand":[],"product_brand":[],"product_cat":[2107,2050],"product_tag":[2137,2136],"class_list":{"0":"post-15809","1":"product","2":"type-product","3":"status-publish","4":"has-post-thumbnail","6":"product_cat-isi-yalitim-urunleri","7":"product_cat-yapi-kimyasallari","8":"product_tag-super-elastik-su-yalitim","9":"product_tag-teknomer-300-ex-akrilik-esasli","11":"first","12":"instock","13":"shipping-taxable","14":"product-type-simple"},"brands":[],"_links":{"self":[{"href":"https:\/\/hamsayapi.com\/index.php\/wp-json\/wp\/v2\/product\/15809","targetHints":{"allow":["GET"]}}],"collection":[{"href":"https:\/\/hamsayapi.com\/index.php\/wp-json\/wp\/v2\/product"}],"about":[{"href":"https:\/\/hamsayapi.com\/index.php\/wp-json\/wp\/v2\/types\/product"}],"replies":[{"embeddable":true,"href":"https:\/\/hamsayapi.com\/index.php\/wp-json\/wp\/v2\/comments?post=15809"}],"version-history":[{"count":2,"href":"https:\/\/hamsayapi.com\/index.php\/wp-json\/wp\/v2\/product\/15809\/revisions"}],"predecessor-version":[{"id":15811,"href":"https:\/\/hamsayapi.com\/index.php\/wp-json\/wp\/v2\/product\/15809\/revisions\/15811"}],"wp:featuredmedia":[{"embeddable":true,"href":"https:\/\/hamsayapi.com\/index.php\/wp-json\/wp\/v2\/media\/15761"}],"wp:attachment":[{"href":"https:\/\/hamsayapi.com\/index.php\/wp-json\/wp\/v2\/media?parent=15809"}],"wp:term":[{"taxonomy":"pwb-brand","embeddable":true,"href":"https:\/\/hamsayapi.com\/index.php\/wp-json\/wp\/v2\/pwb-brand?post=15809"},{"taxonomy":"product_brand","embeddable":true,"href":"https:\/\/hamsayapi.com\/index.php\/wp-json\/wp\/v2\/product_brand?post=15809"},{"taxonomy":"product_cat","embeddable":true,"href":"https:\/\/hamsayapi.com\/index.php\/wp-json\/wp\/v2\/product_cat?post=15809"},{"taxonomy":"product_tag","embeddable":true,"href":"https:\/\/hamsayapi.com\/index.php\/wp-json\/wp\/v2\/product_tag?post=15809"}],"curies":[{"name":"wp","href":"https:\/\/api.w.org\/{rel}","templated":true}]}}