{"id":15806,"date":"2024-05-03T22:57:35","date_gmt":"2024-05-03T19:57:35","guid":{"rendered":"https:\/\/hamsayapi.com\/?post_type=product&#038;p=15806"},"modified":"2024-05-03T22:57:35","modified_gmt":"2024-05-03T19:57:35","slug":"teknomer-300-akrilik-esasli-elastik-su-yalitim-malzemesi","status":"publish","type":"product","link":"https:\/\/hamsayapi.com\/index.php\/urun\/teknomer-300-akrilik-esasli-elastik-su-yalitim-malzemesi\/","title":{"rendered":"Teknomer 300 Akrilik Esasl\u0131, Elastik Su Yal\u0131t\u0131m Malzemesi"},"content":{"rendered":"","protected":false},"excerpt":{"rendered":"","protected":false},"featured_media":15761,"comment_status":"open","ping_status":"closed","template":"","meta":[],"pwb-brand":[],"product_brand":[],"product_cat":[2122,2050],"product_tag":[2135,2134],"class_list":{"0":"post-15806","1":"product","2":"type-product","3":"status-publish","4":"has-post-thumbnail","6":"product_cat-su-yalitim-urunleri","7":"product_cat-yapi-kimyasallari","8":"product_tag-elastik-su-yalitim-malzemesi","9":"product_tag-teknomer-300-akrilik-esasli","11":"first","12":"instock","13":"shipping-taxable","14":"product-type-simple"},"brands":[],"_links":{"self":[{"href":"https:\/\/hamsayapi.com\/index.php\/wp-json\/wp\/v2\/product\/15806","targetHints":{"allow":["GET"]}}],"collection":[{"href":"https:\/\/hamsayapi.com\/index.php\/wp-json\/wp\/v2\/product"}],"about":[{"href":"https:\/\/hamsayapi.com\/index.php\/wp-json\/wp\/v2\/types\/product"}],"replies":[{"embeddable":true,"href":"https:\/\/hamsayapi.com\/index.php\/wp-json\/wp\/v2\/comments?post=15806"}],"version-history":[{"count":1,"href":"https:\/\/hamsayapi.com\/index.php\/wp-json\/wp\/v2\/product\/15806\/revisions"}],"predecessor-version":[{"id":15808,"href":"https:\/\/hamsayapi.com\/index.php\/wp-json\/wp\/v2\/product\/15806\/revisions\/15808"}],"wp:featuredmedia":[{"embeddable":true,"href":"https:\/\/hamsayapi.com\/index.php\/wp-json\/wp\/v2\/media\/15761"}],"wp:attachment":[{"href":"https:\/\/hamsayapi.com\/index.php\/wp-json\/wp\/v2\/media?parent=15806"}],"wp:term":[{"taxonomy":"pwb-brand","embeddable":true,"href":"https:\/\/hamsayapi.com\/index.php\/wp-json\/wp\/v2\/pwb-brand?post=15806"},{"taxonomy":"product_brand","embeddable":true,"href":"https:\/\/hamsayapi.com\/index.php\/wp-json\/wp\/v2\/product_brand?post=15806"},{"taxonomy":"product_cat","embeddable":true,"href":"https:\/\/hamsayapi.com\/index.php\/wp-json\/wp\/v2\/product_cat?post=15806"},{"taxonomy":"product_tag","embeddable":true,"href":"https:\/\/hamsayapi.com\/index.php\/wp-json\/wp\/v2\/product_tag?post=15806"}],"curies":[{"name":"wp","href":"https:\/\/api.w.org\/{rel}","templated":true}]}}