{"id":15775,"date":"2024-05-03T22:52:59","date_gmt":"2024-05-03T19:52:59","guid":{"rendered":"https:\/\/hamsayapi.com\/?post_type=product&#038;p=15775"},"modified":"2024-05-03T22:53:00","modified_gmt":"2024-05-03T19:53:00","slug":"tekno-anti-kuf-recine-esasli-kuf-boyasi","status":"publish","type":"product","link":"https:\/\/hamsayapi.com\/index.php\/urun\/tekno-anti-kuf-recine-esasli-kuf-boyasi\/","title":{"rendered":"Tekno Anti K\u00fcf Re\u00e7ine Esasl\u0131 K\u00fcf Boyas\u0131"},"content":{"rendered":"","protected":false},"excerpt":{"rendered":"","protected":false},"featured_media":15776,"comment_status":"open","ping_status":"closed","template":"","meta":[],"pwb-brand":[],"product_brand":[],"product_cat":[2122,2050],"product_tag":[2125],"class_list":{"0":"post-15775","1":"product","2":"type-product","3":"status-publish","4":"has-post-thumbnail","6":"product_cat-su-yalitim-urunleri","7":"product_cat-yapi-kimyasallari","8":"product_tag-tekno-anti-kuf-recine-esasli-kuf-boyasi","10":"first","11":"instock","12":"shipping-taxable","13":"product-type-simple"},"brands":[],"_links":{"self":[{"href":"https:\/\/hamsayapi.com\/index.php\/wp-json\/wp\/v2\/product\/15775","targetHints":{"allow":["GET"]}}],"collection":[{"href":"https:\/\/hamsayapi.com\/index.php\/wp-json\/wp\/v2\/product"}],"about":[{"href":"https:\/\/hamsayapi.com\/index.php\/wp-json\/wp\/v2\/types\/product"}],"replies":[{"embeddable":true,"href":"https:\/\/hamsayapi.com\/index.php\/wp-json\/wp\/v2\/comments?post=15775"}],"version-history":[{"count":1,"href":"https:\/\/hamsayapi.com\/index.php\/wp-json\/wp\/v2\/product\/15775\/revisions"}],"predecessor-version":[{"id":15777,"href":"https:\/\/hamsayapi.com\/index.php\/wp-json\/wp\/v2\/product\/15775\/revisions\/15777"}],"wp:featuredmedia":[{"embeddable":true,"href":"https:\/\/hamsayapi.com\/index.php\/wp-json\/wp\/v2\/media\/15776"}],"wp:attachment":[{"href":"https:\/\/hamsayapi.com\/index.php\/wp-json\/wp\/v2\/media?parent=15775"}],"wp:term":[{"taxonomy":"pwb-brand","embeddable":true,"href":"https:\/\/hamsayapi.com\/index.php\/wp-json\/wp\/v2\/pwb-brand?post=15775"},{"taxonomy":"product_brand","embeddable":true,"href":"https:\/\/hamsayapi.com\/index.php\/wp-json\/wp\/v2\/product_brand?post=15775"},{"taxonomy":"product_cat","embeddable":true,"href":"https:\/\/hamsayapi.com\/index.php\/wp-json\/wp\/v2\/product_cat?post=15775"},{"taxonomy":"product_tag","embeddable":true,"href":"https:\/\/hamsayapi.com\/index.php\/wp-json\/wp\/v2\/product_tag?post=15775"}],"curies":[{"name":"wp","href":"https:\/\/api.w.org\/{rel}","templated":true}]}}