{"id":15748,"date":"2024-05-03T22:46:17","date_gmt":"2024-05-03T19:46:17","guid":{"rendered":"https:\/\/hamsayapi.com\/?post_type=product&#038;p=15748"},"modified":"2024-05-03T22:46:17","modified_gmt":"2024-05-03T19:46:17","slug":"teknorep-570-dis-cepheler-icin-termal-siva","status":"publish","type":"product","link":"https:\/\/hamsayapi.com\/index.php\/urun\/teknorep-570-dis-cepheler-icin-termal-siva\/","title":{"rendered":"Teknorep 570 D\u0131\u015f Cepheler i\u00e7in Termal S\u0131va"},"content":{"rendered":"","protected":false},"excerpt":{"rendered":"","protected":false},"featured_media":15749,"comment_status":"open","ping_status":"closed","template":"","meta":[],"pwb-brand":[],"product_brand":[],"product_cat":[2107,2050],"product_tag":[2116],"class_list":{"0":"post-15748","1":"product","2":"type-product","3":"status-publish","4":"has-post-thumbnail","6":"product_cat-isi-yalitim-urunleri","7":"product_cat-yapi-kimyasallari","8":"product_tag-teknorep-570-dis-cepheler-icin-termal-siva","10":"first","11":"instock","12":"shipping-taxable","13":"product-type-simple"},"brands":[],"_links":{"self":[{"href":"https:\/\/hamsayapi.com\/index.php\/wp-json\/wp\/v2\/product\/15748","targetHints":{"allow":["GET"]}}],"collection":[{"href":"https:\/\/hamsayapi.com\/index.php\/wp-json\/wp\/v2\/product"}],"about":[{"href":"https:\/\/hamsayapi.com\/index.php\/wp-json\/wp\/v2\/types\/product"}],"replies":[{"embeddable":true,"href":"https:\/\/hamsayapi.com\/index.php\/wp-json\/wp\/v2\/comments?post=15748"}],"version-history":[{"count":2,"href":"https:\/\/hamsayapi.com\/index.php\/wp-json\/wp\/v2\/product\/15748\/revisions"}],"predecessor-version":[{"id":15751,"href":"https:\/\/hamsayapi.com\/index.php\/wp-json\/wp\/v2\/product\/15748\/revisions\/15751"}],"wp:featuredmedia":[{"embeddable":true,"href":"https:\/\/hamsayapi.com\/index.php\/wp-json\/wp\/v2\/media\/15749"}],"wp:attachment":[{"href":"https:\/\/hamsayapi.com\/index.php\/wp-json\/wp\/v2\/media?parent=15748"}],"wp:term":[{"taxonomy":"pwb-brand","embeddable":true,"href":"https:\/\/hamsayapi.com\/index.php\/wp-json\/wp\/v2\/pwb-brand?post=15748"},{"taxonomy":"product_brand","embeddable":true,"href":"https:\/\/hamsayapi.com\/index.php\/wp-json\/wp\/v2\/product_brand?post=15748"},{"taxonomy":"product_cat","embeddable":true,"href":"https:\/\/hamsayapi.com\/index.php\/wp-json\/wp\/v2\/product_cat?post=15748"},{"taxonomy":"product_tag","embeddable":true,"href":"https:\/\/hamsayapi.com\/index.php\/wp-json\/wp\/v2\/product_tag?post=15748"}],"curies":[{"name":"wp","href":"https:\/\/api.w.org\/{rel}","templated":true}]}}