{"id":15742,"date":"2024-05-03T22:45:14","date_gmt":"2024-05-03T19:45:14","guid":{"rendered":"https:\/\/hamsayapi.com\/?post_type=product&#038;p=15742"},"modified":"2024-05-03T22:45:14","modified_gmt":"2024-05-03T19:45:14","slug":"teknorep-100-cimento-esasli-duzeltme-macunu-2","status":"publish","type":"product","link":"https:\/\/hamsayapi.com\/index.php\/urun\/teknorep-100-cimento-esasli-duzeltme-macunu-2\/","title":{"rendered":"Teknorep 100 \u00c7imento Esasl\u0131 D\u00fczeltme Macunu"},"content":{"rendered":"","protected":false},"excerpt":{"rendered":"","protected":false},"featured_media":15743,"comment_status":"open","ping_status":"closed","template":"","meta":[],"pwb-brand":[],"product_brand":[],"product_cat":[2107,2050],"product_tag":[2086],"class_list":{"0":"post-15742","1":"product","2":"type-product","3":"status-publish","4":"has-post-thumbnail","6":"product_cat-isi-yalitim-urunleri","7":"product_cat-yapi-kimyasallari","8":"product_tag-teknorep-100-cimento-esasli-duzeltme-macunu","10":"first","11":"instock","12":"shipping-taxable","13":"product-type-simple"},"brands":[],"_links":{"self":[{"href":"https:\/\/hamsayapi.com\/index.php\/wp-json\/wp\/v2\/product\/15742","targetHints":{"allow":["GET"]}}],"collection":[{"href":"https:\/\/hamsayapi.com\/index.php\/wp-json\/wp\/v2\/product"}],"about":[{"href":"https:\/\/hamsayapi.com\/index.php\/wp-json\/wp\/v2\/types\/product"}],"replies":[{"embeddable":true,"href":"https:\/\/hamsayapi.com\/index.php\/wp-json\/wp\/v2\/comments?post=15742"}],"version-history":[{"count":2,"href":"https:\/\/hamsayapi.com\/index.php\/wp-json\/wp\/v2\/product\/15742\/revisions"}],"predecessor-version":[{"id":15745,"href":"https:\/\/hamsayapi.com\/index.php\/wp-json\/wp\/v2\/product\/15742\/revisions\/15745"}],"wp:featuredmedia":[{"embeddable":true,"href":"https:\/\/hamsayapi.com\/index.php\/wp-json\/wp\/v2\/media\/15743"}],"wp:attachment":[{"href":"https:\/\/hamsayapi.com\/index.php\/wp-json\/wp\/v2\/media?parent=15742"}],"wp:term":[{"taxonomy":"pwb-brand","embeddable":true,"href":"https:\/\/hamsayapi.com\/index.php\/wp-json\/wp\/v2\/pwb-brand?post=15742"},{"taxonomy":"product_brand","embeddable":true,"href":"https:\/\/hamsayapi.com\/index.php\/wp-json\/wp\/v2\/product_brand?post=15742"},{"taxonomy":"product_cat","embeddable":true,"href":"https:\/\/hamsayapi.com\/index.php\/wp-json\/wp\/v2\/product_cat?post=15742"},{"taxonomy":"product_tag","embeddable":true,"href":"https:\/\/hamsayapi.com\/index.php\/wp-json\/wp\/v2\/product_tag?post=15742"}],"curies":[{"name":"wp","href":"https:\/\/api.w.org\/{rel}","templated":true}]}}