{"id":15714,"date":"2024-05-03T22:40:30","date_gmt":"2024-05-03T19:40:30","guid":{"rendered":"https:\/\/hamsayapi.com\/?post_type=product&#038;p=15714"},"modified":"2024-05-03T22:40:31","modified_gmt":"2024-05-03T19:40:31","slug":"teknoizofix-isi-yalitim-levha-yapistiricisi","status":"publish","type":"product","link":"https:\/\/hamsayapi.com\/index.php\/urun\/teknoizofix-isi-yalitim-levha-yapistiricisi\/","title":{"rendered":"Teknoizofix Is\u0131 Yal\u0131t\u0131m Levha Yap\u0131\u015ft\u0131r\u0131c\u0131s\u0131"},"content":{"rendered":"","protected":false},"excerpt":{"rendered":"","protected":false},"featured_media":15715,"comment_status":"open","ping_status":"closed","template":"","meta":[],"pwb-brand":[],"product_brand":[],"product_cat":[2107,2050],"product_tag":[2108],"class_list":{"0":"post-15714","1":"product","2":"type-product","3":"status-publish","4":"has-post-thumbnail","6":"product_cat-isi-yalitim-urunleri","7":"product_cat-yapi-kimyasallari","8":"product_tag-teknoizofix-isi-yalitim-levha-yapistiricisi","10":"first","11":"instock","12":"shipping-taxable","13":"product-type-simple"},"brands":[],"_links":{"self":[{"href":"https:\/\/hamsayapi.com\/index.php\/wp-json\/wp\/v2\/product\/15714","targetHints":{"allow":["GET"]}}],"collection":[{"href":"https:\/\/hamsayapi.com\/index.php\/wp-json\/wp\/v2\/product"}],"about":[{"href":"https:\/\/hamsayapi.com\/index.php\/wp-json\/wp\/v2\/types\/product"}],"replies":[{"embeddable":true,"href":"https:\/\/hamsayapi.com\/index.php\/wp-json\/wp\/v2\/comments?post=15714"}],"version-history":[{"count":1,"href":"https:\/\/hamsayapi.com\/index.php\/wp-json\/wp\/v2\/product\/15714\/revisions"}],"predecessor-version":[{"id":15716,"href":"https:\/\/hamsayapi.com\/index.php\/wp-json\/wp\/v2\/product\/15714\/revisions\/15716"}],"wp:featuredmedia":[{"embeddable":true,"href":"https:\/\/hamsayapi.com\/index.php\/wp-json\/wp\/v2\/media\/15715"}],"wp:attachment":[{"href":"https:\/\/hamsayapi.com\/index.php\/wp-json\/wp\/v2\/media?parent=15714"}],"wp:term":[{"taxonomy":"pwb-brand","embeddable":true,"href":"https:\/\/hamsayapi.com\/index.php\/wp-json\/wp\/v2\/pwb-brand?post=15714"},{"taxonomy":"product_brand","embeddable":true,"href":"https:\/\/hamsayapi.com\/index.php\/wp-json\/wp\/v2\/product_brand?post=15714"},{"taxonomy":"product_cat","embeddable":true,"href":"https:\/\/hamsayapi.com\/index.php\/wp-json\/wp\/v2\/product_cat?post=15714"},{"taxonomy":"product_tag","embeddable":true,"href":"https:\/\/hamsayapi.com\/index.php\/wp-json\/wp\/v2\/product_tag?post=15714"}],"curies":[{"name":"wp","href":"https:\/\/api.w.org\/{rel}","templated":true}]}}