{"id":15693,"date":"2024-05-03T22:37:00","date_gmt":"2024-05-03T19:37:00","guid":{"rendered":"https:\/\/hamsayapi.com\/?post_type=product&#038;p=15693"},"modified":"2024-05-03T22:37:01","modified_gmt":"2024-05-03T19:37:01","slug":"teknobeton-normal-priz-alan-c20-30-sinifi-hazir-beton","status":"publish","type":"product","link":"https:\/\/hamsayapi.com\/index.php\/urun\/teknobeton-normal-priz-alan-c20-30-sinifi-hazir-beton\/","title":{"rendered":"Teknobeton Normal Priz Alan, C20\/30 S\u0131n\u0131f\u0131 Haz\u0131r Beton"},"content":{"rendered":"","protected":false},"excerpt":{"rendered":"","protected":false},"featured_media":15694,"comment_status":"open","ping_status":"closed","template":"","meta":[],"pwb-brand":[],"product_brand":[],"product_cat":[2077,2050],"product_tag":[2101,2100],"class_list":{"0":"post-15693","1":"product","2":"type-product","3":"status-publish","4":"has-post-thumbnail","6":"product_cat-grout-ve-tamir-harclari","7":"product_cat-yapi-kimyasallari","8":"product_tag-c20-30-sinifi-hazir-beton","9":"product_tag-teknobeton-normal-priz-alan","11":"first","12":"instock","13":"shipping-taxable","14":"product-type-simple"},"brands":[],"_links":{"self":[{"href":"https:\/\/hamsayapi.com\/index.php\/wp-json\/wp\/v2\/product\/15693","targetHints":{"allow":["GET"]}}],"collection":[{"href":"https:\/\/hamsayapi.com\/index.php\/wp-json\/wp\/v2\/product"}],"about":[{"href":"https:\/\/hamsayapi.com\/index.php\/wp-json\/wp\/v2\/types\/product"}],"replies":[{"embeddable":true,"href":"https:\/\/hamsayapi.com\/index.php\/wp-json\/wp\/v2\/comments?post=15693"}],"version-history":[{"count":2,"href":"https:\/\/hamsayapi.com\/index.php\/wp-json\/wp\/v2\/product\/15693\/revisions"}],"predecessor-version":[{"id":15696,"href":"https:\/\/hamsayapi.com\/index.php\/wp-json\/wp\/v2\/product\/15693\/revisions\/15696"}],"wp:featuredmedia":[{"embeddable":true,"href":"https:\/\/hamsayapi.com\/index.php\/wp-json\/wp\/v2\/media\/15694"}],"wp:attachment":[{"href":"https:\/\/hamsayapi.com\/index.php\/wp-json\/wp\/v2\/media?parent=15693"}],"wp:term":[{"taxonomy":"pwb-brand","embeddable":true,"href":"https:\/\/hamsayapi.com\/index.php\/wp-json\/wp\/v2\/pwb-brand?post=15693"},{"taxonomy":"product_brand","embeddable":true,"href":"https:\/\/hamsayapi.com\/index.php\/wp-json\/wp\/v2\/product_brand?post=15693"},{"taxonomy":"product_cat","embeddable":true,"href":"https:\/\/hamsayapi.com\/index.php\/wp-json\/wp\/v2\/product_cat?post=15693"},{"taxonomy":"product_tag","embeddable":true,"href":"https:\/\/hamsayapi.com\/index.php\/wp-json\/wp\/v2\/product_tag?post=15693"}],"curies":[{"name":"wp","href":"https:\/\/api.w.org\/{rel}","templated":true}]}}