{"id":15684,"date":"2024-05-03T22:35:28","date_gmt":"2024-05-03T19:35:28","guid":{"rendered":"https:\/\/hamsayapi.com\/?post_type=product&#038;p=15684"},"modified":"2024-05-03T22:35:28","modified_gmt":"2024-05-03T19:35:28","slug":"teknobond-935-hizli-kurlenen-ankraj-tamir-harci","status":"publish","type":"product","link":"https:\/\/hamsayapi.com\/index.php\/urun\/teknobond-935-hizli-kurlenen-ankraj-tamir-harci\/","title":{"rendered":"Teknobond 935 H\u0131zl\u0131 K\u00fcrlenen Ankraj Tamir Harc\u0131"},"content":{"rendered":"","protected":false},"excerpt":{"rendered":"","protected":false},"featured_media":15685,"comment_status":"open","ping_status":"closed","template":"","meta":[],"pwb-brand":[],"product_brand":[],"product_cat":[2077,2050],"product_tag":[2097],"class_list":{"0":"post-15684","1":"product","2":"type-product","3":"status-publish","4":"has-post-thumbnail","6":"product_cat-grout-ve-tamir-harclari","7":"product_cat-yapi-kimyasallari","8":"product_tag-teknobond-935-hizli-kurlenen-ankraj-tamir-harci","10":"first","11":"instock","12":"shipping-taxable","13":"product-type-simple"},"brands":[],"_links":{"self":[{"href":"https:\/\/hamsayapi.com\/index.php\/wp-json\/wp\/v2\/product\/15684","targetHints":{"allow":["GET"]}}],"collection":[{"href":"https:\/\/hamsayapi.com\/index.php\/wp-json\/wp\/v2\/product"}],"about":[{"href":"https:\/\/hamsayapi.com\/index.php\/wp-json\/wp\/v2\/types\/product"}],"replies":[{"embeddable":true,"href":"https:\/\/hamsayapi.com\/index.php\/wp-json\/wp\/v2\/comments?post=15684"}],"version-history":[{"count":2,"href":"https:\/\/hamsayapi.com\/index.php\/wp-json\/wp\/v2\/product\/15684\/revisions"}],"predecessor-version":[{"id":15687,"href":"https:\/\/hamsayapi.com\/index.php\/wp-json\/wp\/v2\/product\/15684\/revisions\/15687"}],"wp:featuredmedia":[{"embeddable":true,"href":"https:\/\/hamsayapi.com\/index.php\/wp-json\/wp\/v2\/media\/15685"}],"wp:attachment":[{"href":"https:\/\/hamsayapi.com\/index.php\/wp-json\/wp\/v2\/media?parent=15684"}],"wp:term":[{"taxonomy":"pwb-brand","embeddable":true,"href":"https:\/\/hamsayapi.com\/index.php\/wp-json\/wp\/v2\/pwb-brand?post=15684"},{"taxonomy":"product_brand","embeddable":true,"href":"https:\/\/hamsayapi.com\/index.php\/wp-json\/wp\/v2\/product_brand?post=15684"},{"taxonomy":"product_cat","embeddable":true,"href":"https:\/\/hamsayapi.com\/index.php\/wp-json\/wp\/v2\/product_cat?post=15684"},{"taxonomy":"product_tag","embeddable":true,"href":"https:\/\/hamsayapi.com\/index.php\/wp-json\/wp\/v2\/product_tag?post=15684"}],"curies":[{"name":"wp","href":"https:\/\/api.w.org\/{rel}","templated":true}]}}