{"id":15633,"date":"2024-05-03T22:27:34","date_gmt":"2024-05-03T19:27:34","guid":{"rendered":"https:\/\/hamsayapi.com\/?post_type=product&#038;p=15633"},"modified":"2024-05-03T22:27:35","modified_gmt":"2024-05-03T19:27:35","slug":"teknorep-200-ince-duzeltme-harci","status":"publish","type":"product","link":"https:\/\/hamsayapi.com\/index.php\/urun\/teknorep-200-ince-duzeltme-harci\/","title":{"rendered":"Teknorep 200 \u0130nce D\u00fczeltme Harc\u0131"},"content":{"rendered":"","protected":false},"excerpt":{"rendered":"","protected":false},"featured_media":15634,"comment_status":"open","ping_status":"closed","template":"","meta":[],"pwb-brand":[],"product_brand":[],"product_cat":[2077,2050],"product_tag":[2082],"class_list":{"0":"post-15633","1":"product","2":"type-product","3":"status-publish","4":"has-post-thumbnail","6":"product_cat-grout-ve-tamir-harclari","7":"product_cat-yapi-kimyasallari","8":"product_tag-teknorep-200-ince-duzeltme-harci","10":"first","11":"instock","12":"shipping-taxable","13":"product-type-simple"},"brands":[],"_links":{"self":[{"href":"https:\/\/hamsayapi.com\/index.php\/wp-json\/wp\/v2\/product\/15633","targetHints":{"allow":["GET"]}}],"collection":[{"href":"https:\/\/hamsayapi.com\/index.php\/wp-json\/wp\/v2\/product"}],"about":[{"href":"https:\/\/hamsayapi.com\/index.php\/wp-json\/wp\/v2\/types\/product"}],"replies":[{"embeddable":true,"href":"https:\/\/hamsayapi.com\/index.php\/wp-json\/wp\/v2\/comments?post=15633"}],"version-history":[{"count":2,"href":"https:\/\/hamsayapi.com\/index.php\/wp-json\/wp\/v2\/product\/15633\/revisions"}],"predecessor-version":[{"id":15636,"href":"https:\/\/hamsayapi.com\/index.php\/wp-json\/wp\/v2\/product\/15633\/revisions\/15636"}],"wp:featuredmedia":[{"embeddable":true,"href":"https:\/\/hamsayapi.com\/index.php\/wp-json\/wp\/v2\/media\/15634"}],"wp:attachment":[{"href":"https:\/\/hamsayapi.com\/index.php\/wp-json\/wp\/v2\/media?parent=15633"}],"wp:term":[{"taxonomy":"pwb-brand","embeddable":true,"href":"https:\/\/hamsayapi.com\/index.php\/wp-json\/wp\/v2\/pwb-brand?post=15633"},{"taxonomy":"product_brand","embeddable":true,"href":"https:\/\/hamsayapi.com\/index.php\/wp-json\/wp\/v2\/product_brand?post=15633"},{"taxonomy":"product_cat","embeddable":true,"href":"https:\/\/hamsayapi.com\/index.php\/wp-json\/wp\/v2\/product_cat?post=15633"},{"taxonomy":"product_tag","embeddable":true,"href":"https:\/\/hamsayapi.com\/index.php\/wp-json\/wp\/v2\/product_tag?post=15633"}],"curies":[{"name":"wp","href":"https:\/\/api.w.org\/{rel}","templated":true}]}}