{"id":15630,"date":"2024-05-03T22:27:06","date_gmt":"2024-05-03T19:27:06","guid":{"rendered":"https:\/\/hamsayapi.com\/?post_type=product&#038;p=15630"},"modified":"2024-05-03T22:27:06","modified_gmt":"2024-05-03T19:27:06","slug":"tekno-art-dekoratif-urun-dokum-harci","status":"publish","type":"product","link":"https:\/\/hamsayapi.com\/index.php\/urun\/tekno-art-dekoratif-urun-dokum-harci\/","title":{"rendered":"Tekno Art Dekoratif \u00dcr\u00fcn D\u00f6k\u00fcm Harc\u0131"},"content":{"rendered":"","protected":false},"excerpt":{"rendered":"","protected":false},"featured_media":15631,"comment_status":"open","ping_status":"closed","template":"","meta":[],"pwb-brand":[],"product_brand":[],"product_cat":[2077,2050],"product_tag":[2081],"class_list":{"0":"post-15630","1":"product","2":"type-product","3":"status-publish","4":"has-post-thumbnail","6":"product_cat-grout-ve-tamir-harclari","7":"product_cat-yapi-kimyasallari","8":"product_tag-tekno-art-dekoratif-urun-dokum-harci","10":"first","11":"instock","12":"shipping-taxable","13":"product-type-simple"},"brands":[],"_links":{"self":[{"href":"https:\/\/hamsayapi.com\/index.php\/wp-json\/wp\/v2\/product\/15630","targetHints":{"allow":["GET"]}}],"collection":[{"href":"https:\/\/hamsayapi.com\/index.php\/wp-json\/wp\/v2\/product"}],"about":[{"href":"https:\/\/hamsayapi.com\/index.php\/wp-json\/wp\/v2\/types\/product"}],"replies":[{"embeddable":true,"href":"https:\/\/hamsayapi.com\/index.php\/wp-json\/wp\/v2\/comments?post=15630"}],"version-history":[{"count":1,"href":"https:\/\/hamsayapi.com\/index.php\/wp-json\/wp\/v2\/product\/15630\/revisions"}],"predecessor-version":[{"id":15632,"href":"https:\/\/hamsayapi.com\/index.php\/wp-json\/wp\/v2\/product\/15630\/revisions\/15632"}],"wp:featuredmedia":[{"embeddable":true,"href":"https:\/\/hamsayapi.com\/index.php\/wp-json\/wp\/v2\/media\/15631"}],"wp:attachment":[{"href":"https:\/\/hamsayapi.com\/index.php\/wp-json\/wp\/v2\/media?parent=15630"}],"wp:term":[{"taxonomy":"pwb-brand","embeddable":true,"href":"https:\/\/hamsayapi.com\/index.php\/wp-json\/wp\/v2\/pwb-brand?post=15630"},{"taxonomy":"product_brand","embeddable":true,"href":"https:\/\/hamsayapi.com\/index.php\/wp-json\/wp\/v2\/product_brand?post=15630"},{"taxonomy":"product_cat","embeddable":true,"href":"https:\/\/hamsayapi.com\/index.php\/wp-json\/wp\/v2\/product_cat?post=15630"},{"taxonomy":"product_tag","embeddable":true,"href":"https:\/\/hamsayapi.com\/index.php\/wp-json\/wp\/v2\/product_tag?post=15630"}],"curies":[{"name":"wp","href":"https:\/\/api.w.org\/{rel}","templated":true}]}}