{"id":15620,"date":"2024-05-03T22:24:52","date_gmt":"2024-05-03T19:24:52","guid":{"rendered":"https:\/\/hamsayapi.com\/?post_type=product&#038;p=15620"},"modified":"2024-05-03T22:25:34","modified_gmt":"2024-05-03T19:25:34","slug":"teknogrout-rapid-rotresiz-akici-grout-harci","status":"publish","type":"product","link":"https:\/\/hamsayapi.com\/index.php\/urun\/teknogrout-rapid-rotresiz-akici-grout-harci\/","title":{"rendered":"Teknogrout Rapid R\u00f6tresiz Ak\u0131c\u0131 Grout Harc\u0131"},"content":{"rendered":"","protected":false},"excerpt":{"rendered":"","protected":false},"featured_media":15621,"comment_status":"open","ping_status":"closed","template":"","meta":[],"pwb-brand":[],"product_brand":[],"product_cat":[2077,2050],"product_tag":[2078],"class_list":{"0":"post-15620","1":"product","2":"type-product","3":"status-publish","4":"has-post-thumbnail","6":"product_cat-grout-ve-tamir-harclari","7":"product_cat-yapi-kimyasallari","8":"product_tag-teknogrout-rapid-rotresiz-akici-grout-harci","10":"first","11":"instock","12":"shipping-taxable","13":"product-type-simple"},"brands":[],"_links":{"self":[{"href":"https:\/\/hamsayapi.com\/index.php\/wp-json\/wp\/v2\/product\/15620","targetHints":{"allow":["GET"]}}],"collection":[{"href":"https:\/\/hamsayapi.com\/index.php\/wp-json\/wp\/v2\/product"}],"about":[{"href":"https:\/\/hamsayapi.com\/index.php\/wp-json\/wp\/v2\/types\/product"}],"replies":[{"embeddable":true,"href":"https:\/\/hamsayapi.com\/index.php\/wp-json\/wp\/v2\/comments?post=15620"}],"version-history":[{"count":2,"href":"https:\/\/hamsayapi.com\/index.php\/wp-json\/wp\/v2\/product\/15620\/revisions"}],"predecessor-version":[{"id":15623,"href":"https:\/\/hamsayapi.com\/index.php\/wp-json\/wp\/v2\/product\/15620\/revisions\/15623"}],"wp:featuredmedia":[{"embeddable":true,"href":"https:\/\/hamsayapi.com\/index.php\/wp-json\/wp\/v2\/media\/15621"}],"wp:attachment":[{"href":"https:\/\/hamsayapi.com\/index.php\/wp-json\/wp\/v2\/media?parent=15620"}],"wp:term":[{"taxonomy":"pwb-brand","embeddable":true,"href":"https:\/\/hamsayapi.com\/index.php\/wp-json\/wp\/v2\/pwb-brand?post=15620"},{"taxonomy":"product_brand","embeddable":true,"href":"https:\/\/hamsayapi.com\/index.php\/wp-json\/wp\/v2\/product_brand?post=15620"},{"taxonomy":"product_cat","embeddable":true,"href":"https:\/\/hamsayapi.com\/index.php\/wp-json\/wp\/v2\/product_cat?post=15620"},{"taxonomy":"product_tag","embeddable":true,"href":"https:\/\/hamsayapi.com\/index.php\/wp-json\/wp\/v2\/product_tag?post=15620"}],"curies":[{"name":"wp","href":"https:\/\/api.w.org\/{rel}","templated":true}]}}