{"id":15589,"date":"2024-05-03T21:42:42","date_gmt":"2024-05-03T18:42:42","guid":{"rendered":"https:\/\/hamsayapi.com\/?post_type=product&#038;p=15589"},"modified":"2024-05-03T21:42:42","modified_gmt":"2024-05-03T18:42:42","slug":"teknobituderz-sicak-uygulamali-derz-dolgu-macunu","status":"publish","type":"product","link":"https:\/\/hamsayapi.com\/index.php\/urun\/teknobituderz-sicak-uygulamali-derz-dolgu-macunu\/","title":{"rendered":"Teknobit\u00fcderz S\u0131cak Uygulamal\u0131 Derz Dolgu Macunu"},"content":{"rendered":"","protected":false},"excerpt":{"rendered":"","protected":false},"featured_media":15590,"comment_status":"open","ping_status":"closed","template":"","meta":[],"pwb-brand":[],"product_brand":[],"product_cat":[2050,2051],"product_tag":[2068],"class_list":{"0":"post-15589","1":"product","2":"type-product","3":"status-publish","4":"has-post-thumbnail","6":"product_cat-yapi-kimyasallari","7":"product_cat-yapistirma-ve-derz-dolgu-malzemeleri","8":"product_tag-teknobituderz-sicak-uygulamali-derz-dolgu-macunu","10":"first","11":"instock","12":"shipping-taxable","13":"product-type-simple"},"brands":[],"_links":{"self":[{"href":"https:\/\/hamsayapi.com\/index.php\/wp-json\/wp\/v2\/product\/15589","targetHints":{"allow":["GET"]}}],"collection":[{"href":"https:\/\/hamsayapi.com\/index.php\/wp-json\/wp\/v2\/product"}],"about":[{"href":"https:\/\/hamsayapi.com\/index.php\/wp-json\/wp\/v2\/types\/product"}],"replies":[{"embeddable":true,"href":"https:\/\/hamsayapi.com\/index.php\/wp-json\/wp\/v2\/comments?post=15589"}],"version-history":[{"count":2,"href":"https:\/\/hamsayapi.com\/index.php\/wp-json\/wp\/v2\/product\/15589\/revisions"}],"predecessor-version":[{"id":15592,"href":"https:\/\/hamsayapi.com\/index.php\/wp-json\/wp\/v2\/product\/15589\/revisions\/15592"}],"wp:featuredmedia":[{"embeddable":true,"href":"https:\/\/hamsayapi.com\/index.php\/wp-json\/wp\/v2\/media\/15590"}],"wp:attachment":[{"href":"https:\/\/hamsayapi.com\/index.php\/wp-json\/wp\/v2\/media?parent=15589"}],"wp:term":[{"taxonomy":"pwb-brand","embeddable":true,"href":"https:\/\/hamsayapi.com\/index.php\/wp-json\/wp\/v2\/pwb-brand?post=15589"},{"taxonomy":"product_brand","embeddable":true,"href":"https:\/\/hamsayapi.com\/index.php\/wp-json\/wp\/v2\/product_brand?post=15589"},{"taxonomy":"product_cat","embeddable":true,"href":"https:\/\/hamsayapi.com\/index.php\/wp-json\/wp\/v2\/product_cat?post=15589"},{"taxonomy":"product_tag","embeddable":true,"href":"https:\/\/hamsayapi.com\/index.php\/wp-json\/wp\/v2\/product_tag?post=15589"}],"curies":[{"name":"wp","href":"https:\/\/api.w.org\/{rel}","templated":true}]}}