{"id":15545,"date":"2024-05-03T21:33:39","date_gmt":"2024-05-03T18:33:39","guid":{"rendered":"https:\/\/hamsayapi.com\/?post_type=product&#038;p=15545"},"modified":"2024-05-03T21:33:39","modified_gmt":"2024-05-03T18:33:39","slug":"teknofay-ex-rapid-hizli-sertlesen-seramik-yapistirici","status":"publish","type":"product","link":"https:\/\/hamsayapi.com\/index.php\/urun\/teknofay-ex-rapid-hizli-sertlesen-seramik-yapistirici\/","title":{"rendered":"Teknofay Ex Rapid H\u0131zl\u0131 Sertle\u015fen Seramik Yap\u0131\u015ft\u0131r\u0131c\u0131"},"content":{"rendered":"","protected":false},"excerpt":{"rendered":"","protected":false},"featured_media":15546,"comment_status":"open","ping_status":"closed","template":"","meta":[],"pwb-brand":[],"product_brand":[],"product_cat":[2050,2051],"product_tag":[2055],"class_list":{"0":"post-15545","1":"product","2":"type-product","3":"status-publish","4":"has-post-thumbnail","6":"product_cat-yapi-kimyasallari","7":"product_cat-yapistirma-ve-derz-dolgu-malzemeleri","8":"product_tag-teknofay-ex-rapid-hizli-sertlesen-seramik-yapistirici","10":"first","11":"instock","12":"shipping-taxable","13":"product-type-simple"},"brands":[],"_links":{"self":[{"href":"https:\/\/hamsayapi.com\/index.php\/wp-json\/wp\/v2\/product\/15545","targetHints":{"allow":["GET"]}}],"collection":[{"href":"https:\/\/hamsayapi.com\/index.php\/wp-json\/wp\/v2\/product"}],"about":[{"href":"https:\/\/hamsayapi.com\/index.php\/wp-json\/wp\/v2\/types\/product"}],"replies":[{"embeddable":true,"href":"https:\/\/hamsayapi.com\/index.php\/wp-json\/wp\/v2\/comments?post=15545"}],"version-history":[{"count":1,"href":"https:\/\/hamsayapi.com\/index.php\/wp-json\/wp\/v2\/product\/15545\/revisions"}],"predecessor-version":[{"id":15547,"href":"https:\/\/hamsayapi.com\/index.php\/wp-json\/wp\/v2\/product\/15545\/revisions\/15547"}],"wp:featuredmedia":[{"embeddable":true,"href":"https:\/\/hamsayapi.com\/index.php\/wp-json\/wp\/v2\/media\/15546"}],"wp:attachment":[{"href":"https:\/\/hamsayapi.com\/index.php\/wp-json\/wp\/v2\/media?parent=15545"}],"wp:term":[{"taxonomy":"pwb-brand","embeddable":true,"href":"https:\/\/hamsayapi.com\/index.php\/wp-json\/wp\/v2\/pwb-brand?post=15545"},{"taxonomy":"product_brand","embeddable":true,"href":"https:\/\/hamsayapi.com\/index.php\/wp-json\/wp\/v2\/product_brand?post=15545"},{"taxonomy":"product_cat","embeddable":true,"href":"https:\/\/hamsayapi.com\/index.php\/wp-json\/wp\/v2\/product_cat?post=15545"},{"taxonomy":"product_tag","embeddable":true,"href":"https:\/\/hamsayapi.com\/index.php\/wp-json\/wp\/v2\/product_tag?post=15545"}],"curies":[{"name":"wp","href":"https:\/\/api.w.org\/{rel}","templated":true}]}}