{"id":15535,"date":"2024-05-03T21:27:40","date_gmt":"2024-05-03T18:27:40","guid":{"rendered":"https:\/\/hamsayapi.com\/?post_type=product&#038;p=15535"},"modified":"2024-05-03T21:27:40","modified_gmt":"2024-05-03T18:27:40","slug":"teknofay-seramik-fayans-yapistirici","status":"publish","type":"product","link":"https:\/\/hamsayapi.com\/index.php\/urun\/teknofay-seramik-fayans-yapistirici\/","title":{"rendered":"Teknofay Seramik Fayans Yap\u0131\u015ft\u0131r\u0131c\u0131"},"content":{"rendered":"","protected":false},"excerpt":{"rendered":"","protected":false},"featured_media":15536,"comment_status":"open","ping_status":"closed","template":"","meta":[],"pwb-brand":[],"product_brand":[],"product_cat":[2050,2051],"product_tag":[2052],"class_list":{"0":"post-15535","1":"product","2":"type-product","3":"status-publish","4":"has-post-thumbnail","6":"product_cat-yapi-kimyasallari","7":"product_cat-yapistirma-ve-derz-dolgu-malzemeleri","8":"product_tag-teknofay-seramik-fayans-yapistirici","10":"first","11":"instock","12":"shipping-taxable","13":"product-type-simple"},"brands":[],"_links":{"self":[{"href":"https:\/\/hamsayapi.com\/index.php\/wp-json\/wp\/v2\/product\/15535","targetHints":{"allow":["GET"]}}],"collection":[{"href":"https:\/\/hamsayapi.com\/index.php\/wp-json\/wp\/v2\/product"}],"about":[{"href":"https:\/\/hamsayapi.com\/index.php\/wp-json\/wp\/v2\/types\/product"}],"replies":[{"embeddable":true,"href":"https:\/\/hamsayapi.com\/index.php\/wp-json\/wp\/v2\/comments?post=15535"}],"version-history":[{"count":1,"href":"https:\/\/hamsayapi.com\/index.php\/wp-json\/wp\/v2\/product\/15535\/revisions"}],"predecessor-version":[{"id":15537,"href":"https:\/\/hamsayapi.com\/index.php\/wp-json\/wp\/v2\/product\/15535\/revisions\/15537"}],"wp:featuredmedia":[{"embeddable":true,"href":"https:\/\/hamsayapi.com\/index.php\/wp-json\/wp\/v2\/media\/15536"}],"wp:attachment":[{"href":"https:\/\/hamsayapi.com\/index.php\/wp-json\/wp\/v2\/media?parent=15535"}],"wp:term":[{"taxonomy":"pwb-brand","embeddable":true,"href":"https:\/\/hamsayapi.com\/index.php\/wp-json\/wp\/v2\/pwb-brand?post=15535"},{"taxonomy":"product_brand","embeddable":true,"href":"https:\/\/hamsayapi.com\/index.php\/wp-json\/wp\/v2\/product_brand?post=15535"},{"taxonomy":"product_cat","embeddable":true,"href":"https:\/\/hamsayapi.com\/index.php\/wp-json\/wp\/v2\/product_cat?post=15535"},{"taxonomy":"product_tag","embeddable":true,"href":"https:\/\/hamsayapi.com\/index.php\/wp-json\/wp\/v2\/product_tag?post=15535"}],"curies":[{"name":"wp","href":"https:\/\/api.w.org\/{rel}","templated":true}]}}