{"id":15528,"date":"2024-05-03T21:25:10","date_gmt":"2024-05-03T18:25:10","guid":{"rendered":"https:\/\/hamsayapi.com\/?post_type=product&#038;p=15528"},"modified":"2024-05-03T21:25:10","modified_gmt":"2024-05-03T18:25:10","slug":"ge-1920-3-isyeri-ilk-yardim-seti-mega","status":"publish","type":"product","link":"https:\/\/hamsayapi.com\/index.php\/urun\/ge-1920-3-isyeri-ilk-yardim-seti-mega\/","title":{"rendered":"GE 1920-3 \u0130\u015fyeri \u0130lk Yard\u0131m Seti \u2013 MEGA"},"content":{"rendered":"","protected":false},"excerpt":{"rendered":"","protected":false},"featured_media":15529,"comment_status":"open","ping_status":"closed","template":"","meta":[],"pwb-brand":[],"product_brand":[],"product_cat":[2045,80],"product_tag":[2048],"class_list":{"0":"post-15528","1":"product","2":"type-product","3":"status-publish","4":"has-post-thumbnail","6":"product_cat-ilk-yardim-urunleri","7":"product_cat-is-guvenligi","8":"product_tag-ge-1920-3-isyeri-ilk-yardim-seti-mega","10":"first","11":"instock","12":"shipping-taxable","13":"product-type-simple"},"brands":[],"_links":{"self":[{"href":"https:\/\/hamsayapi.com\/index.php\/wp-json\/wp\/v2\/product\/15528","targetHints":{"allow":["GET"]}}],"collection":[{"href":"https:\/\/hamsayapi.com\/index.php\/wp-json\/wp\/v2\/product"}],"about":[{"href":"https:\/\/hamsayapi.com\/index.php\/wp-json\/wp\/v2\/types\/product"}],"replies":[{"embeddable":true,"href":"https:\/\/hamsayapi.com\/index.php\/wp-json\/wp\/v2\/comments?post=15528"}],"version-history":[{"count":2,"href":"https:\/\/hamsayapi.com\/index.php\/wp-json\/wp\/v2\/product\/15528\/revisions"}],"predecessor-version":[{"id":15531,"href":"https:\/\/hamsayapi.com\/index.php\/wp-json\/wp\/v2\/product\/15528\/revisions\/15531"}],"wp:featuredmedia":[{"embeddable":true,"href":"https:\/\/hamsayapi.com\/index.php\/wp-json\/wp\/v2\/media\/15529"}],"wp:attachment":[{"href":"https:\/\/hamsayapi.com\/index.php\/wp-json\/wp\/v2\/media?parent=15528"}],"wp:term":[{"taxonomy":"pwb-brand","embeddable":true,"href":"https:\/\/hamsayapi.com\/index.php\/wp-json\/wp\/v2\/pwb-brand?post=15528"},{"taxonomy":"product_brand","embeddable":true,"href":"https:\/\/hamsayapi.com\/index.php\/wp-json\/wp\/v2\/product_brand?post=15528"},{"taxonomy":"product_cat","embeddable":true,"href":"https:\/\/hamsayapi.com\/index.php\/wp-json\/wp\/v2\/product_cat?post=15528"},{"taxonomy":"product_tag","embeddable":true,"href":"https:\/\/hamsayapi.com\/index.php\/wp-json\/wp\/v2\/product_tag?post=15528"}],"curies":[{"name":"wp","href":"https:\/\/api.w.org\/{rel}","templated":true}]}}