{"id":15462,"date":"2024-05-02T22:39:37","date_gmt":"2024-05-02T19:39:37","guid":{"rendered":"https:\/\/hamsayapi.com\/?post_type=product&#038;p=15462"},"modified":"2024-05-02T22:39:38","modified_gmt":"2024-05-02T19:39:38","slug":"ge-6040-yol-calisma-bayragi-kirmizi","status":"publish","type":"product","link":"https:\/\/hamsayapi.com\/index.php\/urun\/ge-6040-yol-calisma-bayragi-kirmizi\/","title":{"rendered":"GE 6040 Yol \u00c7al\u0131\u015fma Bayra\u011f\u0131 \u2013 K\u0131rm\u0131z\u0131"},"content":{"rendered":"","protected":false},"excerpt":{"rendered":"","protected":false},"featured_media":15463,"comment_status":"open","ping_status":"closed","template":"","meta":[],"pwb-brand":[],"product_brand":[],"product_cat":[80,2026],"product_tag":[2027],"class_list":{"0":"post-15462","1":"product","2":"type-product","3":"status-publish","4":"has-post-thumbnail","6":"product_cat-is-guvenligi","7":"product_cat-trafik-ekipmanlari","8":"product_tag-ge-6040-yol-calisma-bayragi-kirmizi","10":"first","11":"instock","12":"shipping-taxable","13":"product-type-simple"},"brands":[],"_links":{"self":[{"href":"https:\/\/hamsayapi.com\/index.php\/wp-json\/wp\/v2\/product\/15462","targetHints":{"allow":["GET"]}}],"collection":[{"href":"https:\/\/hamsayapi.com\/index.php\/wp-json\/wp\/v2\/product"}],"about":[{"href":"https:\/\/hamsayapi.com\/index.php\/wp-json\/wp\/v2\/types\/product"}],"replies":[{"embeddable":true,"href":"https:\/\/hamsayapi.com\/index.php\/wp-json\/wp\/v2\/comments?post=15462"}],"version-history":[{"count":2,"href":"https:\/\/hamsayapi.com\/index.php\/wp-json\/wp\/v2\/product\/15462\/revisions"}],"predecessor-version":[{"id":15465,"href":"https:\/\/hamsayapi.com\/index.php\/wp-json\/wp\/v2\/product\/15462\/revisions\/15465"}],"wp:featuredmedia":[{"embeddable":true,"href":"https:\/\/hamsayapi.com\/index.php\/wp-json\/wp\/v2\/media\/15463"}],"wp:attachment":[{"href":"https:\/\/hamsayapi.com\/index.php\/wp-json\/wp\/v2\/media?parent=15462"}],"wp:term":[{"taxonomy":"pwb-brand","embeddable":true,"href":"https:\/\/hamsayapi.com\/index.php\/wp-json\/wp\/v2\/pwb-brand?post=15462"},{"taxonomy":"product_brand","embeddable":true,"href":"https:\/\/hamsayapi.com\/index.php\/wp-json\/wp\/v2\/product_brand?post=15462"},{"taxonomy":"product_cat","embeddable":true,"href":"https:\/\/hamsayapi.com\/index.php\/wp-json\/wp\/v2\/product_cat?post=15462"},{"taxonomy":"product_tag","embeddable":true,"href":"https:\/\/hamsayapi.com\/index.php\/wp-json\/wp\/v2\/product_tag?post=15462"}],"curies":[{"name":"wp","href":"https:\/\/api.w.org\/{rel}","templated":true}]}}