{"id":15450,"date":"2024-05-02T22:35:08","date_gmt":"2024-05-02T19:35:08","guid":{"rendered":"https:\/\/hamsayapi.com\/?post_type=product&#038;p=15450"},"modified":"2024-05-02T22:35:08","modified_gmt":"2024-05-02T19:35:08","slug":"ge-1011-80-siperlik-ve-kaynak-maske-yedek-icligi-ge-1218-ve-ge-1320-icin-2","status":"publish","type":"product","link":"https:\/\/hamsayapi.com\/index.php\/urun\/ge-1011-80-siperlik-ve-kaynak-maske-yedek-icligi-ge-1218-ve-ge-1320-icin-2\/","title":{"rendered":"GE 1011-80 Siperlik ve Kaynak maske Yedek \u0130\u00e7li\u011fi GE 1218 ve GE 1320 i\u00e7in"},"content":{"rendered":"","protected":false},"excerpt":{"rendered":"","protected":false},"featured_media":15452,"comment_status":"open","ping_status":"closed","template":"","meta":[],"pwb-brand":[],"product_brand":[],"product_cat":[80,2008],"product_tag":[1979],"class_list":{"0":"post-15450","1":"product","2":"type-product","3":"status-publish","4":"has-post-thumbnail","6":"product_cat-is-guvenligi","7":"product_cat-yuz-koruma","8":"product_tag-ge-1011-80-siperlik-ve-kaynak-maske-yedek-icligi-ge-1218-ve-ge-1320-icin","10":"first","11":"instock","12":"shipping-taxable","13":"product-type-simple"},"brands":[],"_links":{"self":[{"href":"https:\/\/hamsayapi.com\/index.php\/wp-json\/wp\/v2\/product\/15450","targetHints":{"allow":["GET"]}}],"collection":[{"href":"https:\/\/hamsayapi.com\/index.php\/wp-json\/wp\/v2\/product"}],"about":[{"href":"https:\/\/hamsayapi.com\/index.php\/wp-json\/wp\/v2\/types\/product"}],"replies":[{"embeddable":true,"href":"https:\/\/hamsayapi.com\/index.php\/wp-json\/wp\/v2\/comments?post=15450"}],"version-history":[{"count":2,"href":"https:\/\/hamsayapi.com\/index.php\/wp-json\/wp\/v2\/product\/15450\/revisions"}],"predecessor-version":[{"id":15454,"href":"https:\/\/hamsayapi.com\/index.php\/wp-json\/wp\/v2\/product\/15450\/revisions\/15454"}],"wp:featuredmedia":[{"embeddable":true,"href":"https:\/\/hamsayapi.com\/index.php\/wp-json\/wp\/v2\/media\/15452"}],"wp:attachment":[{"href":"https:\/\/hamsayapi.com\/index.php\/wp-json\/wp\/v2\/media?parent=15450"}],"wp:term":[{"taxonomy":"pwb-brand","embeddable":true,"href":"https:\/\/hamsayapi.com\/index.php\/wp-json\/wp\/v2\/pwb-brand?post=15450"},{"taxonomy":"product_brand","embeddable":true,"href":"https:\/\/hamsayapi.com\/index.php\/wp-json\/wp\/v2\/product_brand?post=15450"},{"taxonomy":"product_cat","embeddable":true,"href":"https:\/\/hamsayapi.com\/index.php\/wp-json\/wp\/v2\/product_cat?post=15450"},{"taxonomy":"product_tag","embeddable":true,"href":"https:\/\/hamsayapi.com\/index.php\/wp-json\/wp\/v2\/product_tag?post=15450"}],"curies":[{"name":"wp","href":"https:\/\/api.w.org\/{rel}","templated":true}]}}