{"id":15443,"date":"2024-05-02T22:26:52","date_gmt":"2024-05-02T19:26:52","guid":{"rendered":"https:\/\/hamsayapi.com\/?post_type=product&#038;p=15443"},"modified":"2024-05-02T22:32:02","modified_gmt":"2024-05-02T19:32:02","slug":"ge-1270-4-essafe-vidali-baret-tel-orgu-vizor-2","status":"publish","type":"product","link":"https:\/\/hamsayapi.com\/index.php\/urun\/ge-1270-4-essafe-vidali-baret-tel-orgu-vizor-2\/","title":{"rendered":"GE 1270-4 Essafe Vidal\u0131 Baret Tel \u00d6rg\u00fc Viz\u00f6r"},"content":{"rendered":"","protected":false},"excerpt":{"rendered":"","protected":false},"featured_media":15241,"comment_status":"open","ping_status":"closed","template":"","meta":[],"pwb-brand":[],"product_brand":[],"product_cat":[80,1950,2008],"product_tag":[1972],"class_list":{"0":"post-15443","1":"product","2":"type-product","3":"status-publish","4":"has-post-thumbnail","6":"product_cat-is-guvenligi","7":"product_cat-kafa-koruma","8":"product_cat-yuz-koruma","9":"product_tag-ge-1270-4-essafe-vidali-baret-tel-orgu-vizor","11":"first","12":"instock","13":"shipping-taxable","14":"product-type-simple"},"brands":[],"_links":{"self":[{"href":"https:\/\/hamsayapi.com\/index.php\/wp-json\/wp\/v2\/product\/15443","targetHints":{"allow":["GET"]}}],"collection":[{"href":"https:\/\/hamsayapi.com\/index.php\/wp-json\/wp\/v2\/product"}],"about":[{"href":"https:\/\/hamsayapi.com\/index.php\/wp-json\/wp\/v2\/types\/product"}],"replies":[{"embeddable":true,"href":"https:\/\/hamsayapi.com\/index.php\/wp-json\/wp\/v2\/comments?post=15443"}],"version-history":[{"count":1,"href":"https:\/\/hamsayapi.com\/index.php\/wp-json\/wp\/v2\/product\/15443\/revisions"}],"predecessor-version":[{"id":15444,"href":"https:\/\/hamsayapi.com\/index.php\/wp-json\/wp\/v2\/product\/15443\/revisions\/15444"}],"wp:featuredmedia":[{"embeddable":true,"href":"https:\/\/hamsayapi.com\/index.php\/wp-json\/wp\/v2\/media\/15241"}],"wp:attachment":[{"href":"https:\/\/hamsayapi.com\/index.php\/wp-json\/wp\/v2\/media?parent=15443"}],"wp:term":[{"taxonomy":"pwb-brand","embeddable":true,"href":"https:\/\/hamsayapi.com\/index.php\/wp-json\/wp\/v2\/pwb-brand?post=15443"},{"taxonomy":"product_brand","embeddable":true,"href":"https:\/\/hamsayapi.com\/index.php\/wp-json\/wp\/v2\/product_brand?post=15443"},{"taxonomy":"product_cat","embeddable":true,"href":"https:\/\/hamsayapi.com\/index.php\/wp-json\/wp\/v2\/product_cat?post=15443"},{"taxonomy":"product_tag","embeddable":true,"href":"https:\/\/hamsayapi.com\/index.php\/wp-json\/wp\/v2\/product_tag?post=15443"}],"curies":[{"name":"wp","href":"https:\/\/api.w.org\/{rel}","templated":true}]}}